{"id":21878,"date":"2025-08-04T20:33:18","date_gmt":"2025-08-04T20:33:18","guid":{"rendered":"https:\/\/transfereurope.com\/osobny-vodic-v-prahe\/"},"modified":"2025-08-04T20:33:18","modified_gmt":"2025-08-04T20:33:18","slug":"osobny-vodic-v-prahe","status":"publish","type":"page","link":"https:\/\/transfereurope.com\/sk\/osobny-vodic\/osobny-vodic-v-prahe\/","title":{"rendered":"Osobn\u00fd vodi\u010d v Prahe"},"content":{"rendered":"\n<div id=\"t4-section-2\" class=\"t4-section  t4-section-2\" role=\"section-2\">\n<div class=\"bg-overlay bg-overlay-image\">&nbsp;<\/div>\n<div class=\"t4-section-inner container\">\n<div class=\"t4-section-inner section\" id=\"Mod265\">\n<div class=\"section-inner\">\n<div class=\"container\">\n<div class=\"section-title-wrap text-center\">\n<h1 class=\"section-title h2 text-normal\"><span>Osobn\u00fd vodi\u010d v Prahe<\/span><\/h1>\n<p><span class=\"sub-heading font-heading-family text-normal\">Transfer Europe pon\u00faka transferov\u00e9 slu\u017eby do jedn\u00e9ho z najpopul\u00e1rnej\u0161\u00edch eur\u00f3pskych hlavn\u00fdch miest &#8211; do Prahy.<\/span><\/div>\n<\/div>\n<div class=\"section-ct\">\n<div id=\"acm-features-265\" class=\"acm-features style-3\">\n<div class=\"container\">\n<div class=\"row\">\n<div class=\"col-lg-6 col-md-12 col-sm-12\">\n<div class=\"ft-image\">\n<div class=\"img-feature\">  \t\t\t\t\t\t\t<img decoding=\"async\" src=\"\/wp-content\/uploads\/2025\/08\/Chauffeur_Service__4-6.jpg\" alt=\"S\u00fakromn\u00fd \u0161of\u00e9r v Prahe\"\/>  \t\t\t\t\t\t<\/div>\n<\/p><\/div>\n<\/p><\/div>\n<div class=\"col-lg-6 col-md-12 col-sm-12\">\n<div class=\"ft-content\">\n<h3>S\u00fakromn\u00fd \u0161of\u00e9r v Prahe<\/h3>\n<p>Ak patr\u00edte k \u013eu\u010fom, ktor\u00ed uprednost\u0148uj\u00fa pohodlie na ceste, potom je na\u0161a spolo\u010dnos\u0165 vynikaj\u00facou vo\u013ebou. Transfer so s\u00fakromn\u00fdm vodi\u010dom v Prahe oslov\u00ed t\u00fdch, ktor\u00ed s\u00fa zle orientovan\u00ed v cudzej krajine a chc\u00fa sa z letiska pohodlne a bezpe\u010dne dosta\u0165 do hotela alebo do centra mesta. Transfer Europe poskytuje nasleduj\u00face smery prenosu z hlavn\u00e9ho mesta \u010ceskej republiky: <\/p>\n<ul>\n<li>Letisko Praha &#8211; centrum, hotel.<\/li>\n<li>Z Prahy na letisko; Viede\u0148; Bratislava; Budape\u0161\u0165.<\/li>\n<li>Spiato\u010dn\u00fd transfer s osobn\u00fdm vodi\u010dom v Prahe.<\/li>\n<\/ul>\n<p> \t\t\t\t\t   \t\t\t\t\t   \t\t\t\t\t\t<a class=\"btn btn-secondary mt-3\" href=\"\/sk\/rezervovat-transfer\">  \t\t\t\t\t\t\tRezervova\u0165 \t\t\t\t\t\t<\/a>  \t\t\t\t\t \t\t\t\t<\/div>\n<\/p><\/div>\n<\/p><\/div>\n<\/p><\/div>\n<\/p><\/div>\n<p>    <script><\/script><\/div>\n<\/div>\n<\/div>\n<\/div><\/div>\n<div id=\"t4-section-6\" class=\"t4-section  t4-section-6   container-hd  t4-palette-secondary\" role=\"section-6\">\n<div class=\"t4-section-inner container\">\n<div class=\"t4-section-inner sectionmd-why\" id=\"Mod266\">\n<div class=\"section-inner\">\n<div class=\"container\">\n<div class=\"section-title-wrap text-center\">\n<h2 class=\"section-title h2 text-white\"><span>Autopo\u017ei\u010dov\u0148a v Prahe s vodi\u010dom<\/span><\/h2>\n<p><span class=\"sub-heading font-heading-family text-white\">Ak si chcete prenaja\u0165 auto v Prahe s vodi\u010dom, mali by ste vyplni\u0165 formul\u00e1r \u017eiadosti, ktor\u00fd pozost\u00e1va z troch jednoduch\u00fdch krokov.<\/span><\/div>\n<\/div>\n<div class=\"section-ct\">\n<div class=\"acm-features style-2\">\n<div class=\"container\">\n<div class=\"features-wrap\">\n<div class=\"row\">\n<div class=\"col-sm-12 col-md-6 col-lg-6\">\n<div class=\"features-item\">\n<div class=\"img-icon mask-icon\"> \t\t\t\t\t\t\t\t<img decoding=\"async\" src=\"\/wp-content\/uploads\/2025\/08\/icons8-80-37.png\" alt=\"\" \/> \t\t\t\t\t\t\t<\/div>\n<div class=\"features-content\">\n<h3> \t\t\t\t\t\t\t\t\t\t\t\t\t\t\t\t\t\t\t<a class=\"heading-link\" href=\"\/sk\/rezervovat-transfer\"> \t\t\t\t\t\t\t\t\t \t\t\t\t\t\t\t\t\tVyberte si smer \t\t\t\t\t\t\t\t\t\t\t\t\t\t\t\t\t\t\t<\/a> \t\t\t\t\t\t\t\t\t\t\t\t\t\t\t\t\t<\/h3>\n<p> \t\t\t\t\t\t\t\t\t\t\t\t\t\t \t\t\t\t\t\t\t\t\t\t\t\t\t\t\t<span>Pre rezerv\u00e1ciu transferu z pra\u017esk\u00e9ho letiska do centra (hotela) alebo z mesta do mesta &#8211; mus\u00edte zvoli\u0165 po\u017eadovan\u00fa trasu, ktor\u00e1 je uveden\u00e1 na webov\u00fdch str\u00e1nkach. Pren\u00e1jom auta s vodi\u010dom v Prahe sa vykon\u00e1va online kedyko\u013evek a v ktorejko\u013evek krajine.<\/span> \t\t\t\t\t\t\t\t\t\t\t\t\t<\/div>\n<\/p><\/div>\n<\/p><\/div>\n<div class=\"col-sm-12 col-md-6 col-lg-6\">\n<div class=\"features-item\">\n<div class=\"img-icon mask-icon\"> \t\t\t\t\t\t\t\t<img decoding=\"async\" src=\"\/wp-content\/uploads\/2025\/08\/icons8-car-76.png\" alt=\"\" \/> \t\t\t\t\t\t\t<\/div>\n<div class=\"features-content\">\n<h3> \t\t\t\t\t\t\t\t\t\t\t\t\t\t\t\t\t\t\t<a class=\"heading-link\" href=\"\/sk\/rezervovat-transfer\"> \t\t\t\t\t\t\t\t\t \t\t\t\t\t\t\t\t\tV\u00fdber auta \t\t\t\t\t\t\t\t\t\t\t\t\t\t\t\t\t\t\t<\/a> \t\t\t\t\t\t\t\t\t\t\t\t\t\t\t\t\t<\/h3>\n<p> \t\t\t\t\t\t\t\t\t\t\t\t\t\t \t\t\t\t\t\t\t\t\t\t\t\t\t\t\t<span>Slu\u017eba v\u00e1m formou objedn\u00e1vky automobilu v Prahe poskytne zoznam pr\u00e9miov\u00fdch automobilov z flotily spolo\u010dnosti. Uve\u010fte zna\u010dku auta, po\u010det cestuj\u00facich, mno\u017estvo bato\u017einy.<\/span> \t\t\t\t\t\t\t\t\t\t\t\t\t<\/div>\n<\/p><\/div>\n<\/p><\/div>\n<\/p><\/div>\n<div class=\"row\">\n<div class=\"col-sm-12 col-md-6 col-lg-6\">\n<div class=\"features-item\">\n<div class=\"img-icon mask-icon\"> \t\t\t\t\t\t\t\t<img decoding=\"async\" src=\"\/wp-content\/uploads\/2025\/08\/icons8-booking-76.png\" alt=\"\" \/> \t\t\t\t\t\t\t<\/div>\n<div class=\"features-content\">\n<h3> \t\t\t\t\t\t\t\t\t\t\t\t\t\t\t\t\t\t\t<a class=\"heading-link\" href=\"\/sk\/rezervovat-transfer\"> \t\t\t\t\t\t\t\t\t \t\t\t\t\t\t\t\t\tTransferov\u00e1 rezerv\u00e1cia \t\t\t\t\t\t\t\t\t\t\t\t\t\t\t\t\t\t\t<\/a> \t\t\t\t\t\t\t\t\t\t\t\t\t\t\t\t\t<\/h3>\n<p> \t\t\t\t\t\t\t\t\t\t\t\t\t\t \t\t\t\t\t\t\t\t\t\t\t\t\t\t\t<span>Ak chcete dokon\u010di\u0165 objedn\u00e1vku auta v Prahe s vodi\u010dom, mali by ste zanecha\u0165 svoje kontaktn\u00e9 \u00fadaje: meno (cel\u00e9 meno), \u010d\u00edslo mobiln\u00e9ho telef\u00f3nu, e-mailov\u00e1 adresa. Ak spr\u00e1vne vypln\u00edte v\u0161etky polia, dostanete ozn\u00e1menie o platbe. Platba sa uskuto\u010d\u0148uje bankovou kartou alebo prostredn\u00edctvom online platobnej aplik\u00e1cie.<\/span> \t\t\t\t\t\t\t\t\t\t\t\t\t<\/div>\n<\/p><\/div>\n<\/p><\/div>\n<div class=\"col-sm-12 col-md-6 col-lg-6\">\n<div class=\"features-item\">\n<div class=\"img-icon mask-icon\"> \t\t\t\t\t\t\t\t<img decoding=\"async\" src=\"\/wp-content\/uploads\/2025\/08\/icons8-reservations-37.png\" alt=\"\" \/> \t\t\t\t\t\t\t<\/div>\n<div class=\"features-content\">\n<h3> \t\t\t\t\t\t\t\t\t\t\t\t\t\t\t\t\t\t\t<a class=\"heading-link\" href=\"\/sk\/rezervovat-transfer\"> \t\t\t\t\t\t\t\t\t \t\t\t\t\t\t\t\t\tRezerv\u00e1cia \t\t\t\t\t\t\t\t\t\t\t\t\t\t\t\t\t\t\t<\/a> \t\t\t\t\t\t\t\t\t\t\t\t\t\t\t\t\t<\/h3>\n<p> \t\t\t\t\t\t\t\t\t\t\t\t\t\t \t\t\t\t\t\t\t\t\t\t\t\t\t\t\t<span>Rezerv\u00e1cie sa uskuto\u010d\u0148uj\u00fa bez probl\u00e9mov v\u010faka responz\u00edvnemu formul\u00e1ru \u017eiadosti, do ktor\u00e9ho pol\u00ed uvediete trasu, mesto, adresu hotela, \u010das pr\u00edchodu (ak je to potrebn\u00e9).<\/span> \t\t\t\t\t\t\t\t\t\t\t\t\t<\/div>\n<\/p><\/div>\n<\/p><\/div>\n<\/p><\/div>\n<\/p><\/div>\n<\/p><\/div>\n<\/p><\/div>\n<\/div>\n<\/div>\n<\/div>\n<\/div><\/div>\n<div id=\"t4-section-7\" class=\"t4-section  t4-section-7   section-border-bottom\" role=\"section-7\">\n<div class=\"t4-section-inner container\">\n<div class=\"t4-section-inner section\" id=\"Mod267\">\n<div class=\"section-inner\">\n<div class=\"section-ct\">\n<div id=\"acm-features-267\" class=\"acm-features style-3\">\n<div class=\"container\">\n<div class=\"row\">\n<div class=\"col-lg-6 col-md-12 col-sm-12\">\n<div class=\"ft-image\">\n<div class=\"img-feature\">  \t\t\t\t\t\t\t<img decoding=\"async\" src=\"\/wp-content\/uploads\/2025\/08\/Chauffeur_Service__5-28.jpg\" alt=\"V\u00fdhody cestovania so s\u00fakromn\u00fdm \u0161of\u00e9rom v Prahe\"\/>  \t\t\t\t\t\t<\/div>\n<\/p><\/div>\n<\/p><\/div>\n<div class=\"col-lg-6 col-md-12 col-sm-12\">\n<div class=\"ft-content\">\n<h3>\n<h2>V\u00fdhody cestovania so s\u00fakromn\u00fdm \u0161of\u00e9rom v Prahe<\/h2>\n<\/h3>\n<p>Transfer Europe je jedn\u00fdm z najlep\u0161\u00edch poskytovate\u013eov pr\u00e9miov\u00fdch s\u00fakromn\u00fdch prevodov. <\/p>\n<ul>\n<li>Autom s osobn\u00fdm vodi\u010dom sa dostanete na letisko, do svojho ob\u013e\u00faben\u00e9ho bodu v meste a medzi mestami.<\/li>\n<li>Zozn\u00e1mte sa s vodi\u010dmi na letisku. Zbavenie vodi\u010da do 60 min\u00fat (\u010das) bez hotovosti.<\/li>\n<li>Profesion\u00e1lni vodi\u010di so \u0161peci\u00e1lnym \u0161kolen\u00edm v kurzoch bezpe\u010dnej jazdy.<\/li>\n<li>Pr\u00ed\u010fte na ur\u010den\u00e9 miesto v\u010das po t\u00fdch najkraj\u0161\u00edch tras\u00e1ch.<\/li>\n<li>Vr\u00e1tenie platby alebo platba vopred, v pr\u00edpade zru\u0161enia rezerv\u00e1cie telefonick\u00fdm alebo e-mailov\u00fdm ozn\u00e1men\u00edm v lehote uvedenej v Zmluve.<\/li>\n<\/ul>\n<p> \t\t\t\t\t   \t\t\t\t\t   \t\t\t\t\t\t<a class=\"btn btn-secondary mt-3\" href=\"\/sk\/rezervovat-transfer\">  \t\t\t\t\t\t\tRezervova\u0165 \t\t\t\t\t\t<\/a>  \t\t\t\t\t \t\t\t\t<\/div>\n<\/p><\/div>\n<\/p><\/div>\n<\/p><\/div>\n<\/p><\/div>\n<p>    <script><\/script><\/div>\n<\/div>\n<\/div>\n<\/div><\/div>\n<div class=\"t4-section\" role=\"\">\n<div class=\"t4-section-inner container\">\n<div id=\"system-message-container\"> \t<\/div>\n<div class=\"com-content-category-blog blog layout-view-tours-list\" itemscope itemtype=\"https:\/\/schema.org\/Blog\"> \t \t \t \t \t \t\t\t\t \t \t \t \t\t\t\t<!-- \u041f\u043b\u0430\u0433\u0438\u043d \u0440\u0435\u0439\u0442\u0438\u043d\u0433\u0430 --> \t\t<\/p>\n<div class=\"vrvote-body\">\n<ul class=\"vrvote-ul\">\n<li id=\"rating_81\" class=\"current-rating\" style=\"width:97.93%;\"><\/li>\n<li> \t\t\t\t\t\t<a class=\"vr-one-star\" onclick=\"javascript:JSVRvote(81,1,142,29,0)\" href=\"javascript:void(null)\">1<\/a> \t\t\t\t\t<\/li>\n<li> \t\t\t\t\t\t<a class=\"vr-two-stars\" onclick=\"javascript:JSVRvote(81,2,142,29,0)\" href=\"javascript:void(null)\">2<\/a> \t\t\t\t\t<\/li>\n<li> \t\t\t\t\t\t<a class=\"vr-three-stars\" onclick=\"javascript:JSVRvote(81,3,142,29,0)\" href=\"javascript:void(null)\">3<\/a> \t\t\t\t\t<\/li>\n<li> \t\t\t\t\t\t<a class=\"vr-four-stars\" onclick=\"javascript:JSVRvote(81,4,142,29,0)\" href=\"javascript:void(null)\">4<\/a> \t\t\t\t\t<\/li>\n<li> \t\t\t\t\t\t<a class=\"vr-five-stars\" onclick=\"javascript:JSVRvote(81,5,142,29,0)\" href=\"javascript:void(null)\">5<\/a> \t\t\t\t\t<\/li>\n<\/ul><\/div>\n<p> \t\t\t<span id=\"vrvote_81\" class=\"vrvote-count\"><small><\/small><\/span>\t<\/span><\/div>\n<p> <script type=\"application\/ld+json\"><\/script>  <\/div>\n<\/p><\/div>\n<div id=\"t4-section-8\" class=\"t4-section  t4-section-8\" role=\"section-8\">\n<div class=\"bg-overlay bg-overlay-image\">&nbsp;<\/div>\n<\/p><\/div>\n<p>      <a href='javascript:' id='back-to-top'><i class='fa fa-chevron-up'><\/i><\/a>                <\/p>\n","protected":false},"excerpt":{"rendered":"<p>&nbsp; Osobn\u00fd vodi\u010d v Prahe Transfer Europe pon\u00faka transferov\u00e9 slu\u017eby do jedn\u00e9ho z najpopul\u00e1rnej\u0161\u00edch eur\u00f3pskych hlavn\u00fdch miest &#8211; do Prahy. S\u00fakromn\u00fd \u0161of\u00e9r v Prahe Ak patr\u00edte k \u013eu\u010fom, ktor\u00ed uprednost\u0148uj\u00fa pohodlie na ceste, potom je na\u0161a spolo\u010dnos\u0165 vynikaj\u00facou vo\u013ebou. Transfer so s\u00fakromn\u00fdm vodi\u010dom v Prahe oslov\u00ed t\u00fdch, ktor\u00ed s\u00fa zle orientovan\u00ed v cudzej krajine a [&hellip;]<\/p>\n","protected":false},"author":1,"featured_media":21879,"parent":18255,"menu_order":0,"comment_status":"closed","ping_status":"closed","template":"","meta":{"footnotes":""},"class_list":["post-21878","page","type-page","status-publish","has-post-thumbnail","hentry"],"yoast_head":"<!-- This site is optimized with the Yoast SEO plugin v25.6 - https:\/\/yoast.com\/wordpress\/plugins\/seo\/ -->\n<title>Transfer Praha. Osobn\u00fd vodi\u010d v Prahe - Transfer Europe<\/title>\n<meta name=\"description\" content=\"Auto s vodi\u010dom v Prahe z letiska do centra mesta. Objednajte si auto s osobn\u00fdm \u0161of\u00e9rom v Prahe na Transfer Europe \u2714 Ve\u013ek\u00fd vozov\u00fd park \u2714 Profesion\u00e1lni vodi\u010di \u260e + 421 951 460 615.\" \/>\n<meta name=\"robots\" content=\"index, follow, max-snippet:-1, max-image-preview:large, max-video-preview:-1\" \/>\n<link rel=\"canonical\" href=\"https:\/\/transfereurope.com\/sk\/osobny-vodic\/osobny-vodic-v-prahe\/\" \/>\n<meta property=\"og:locale\" content=\"sk_SK\" \/>\n<meta property=\"og:type\" content=\"article\" \/>\n<meta property=\"og:title\" content=\"Transfer Praha. Osobn\u00fd vodi\u010d v Prahe - Transfer Europe\" \/>\n<meta property=\"og:description\" content=\"Auto s vodi\u010dom v Prahe z letiska do centra mesta. Objednajte si auto s osobn\u00fdm \u0161of\u00e9rom v Prahe na Transfer Europe \u2714 Ve\u013ek\u00fd vozov\u00fd park \u2714 Profesion\u00e1lni vodi\u010di \u260e + 421 951 460 615.\" \/>\n<meta property=\"og:url\" content=\"https:\/\/transfereurope.com\/sk\/osobny-vodic\/osobny-vodic-v-prahe\/\" \/>\n<meta property=\"og:site_name\" content=\"transfereurope\" \/>\n<meta property=\"og:image\" content=\"https:\/\/transfereurope.com\/wp-content\/uploads\/2025\/08\/Chauffeur_Service__4-6-1.jpg\" \/>\n\t<meta property=\"og:image:width\" content=\"960\" \/>\n\t<meta property=\"og:image:height\" content=\"1200\" \/>\n\t<meta property=\"og:image:type\" content=\"image\/jpeg\" \/>\n<meta name=\"twitter:card\" content=\"summary_large_image\" \/>\n<meta name=\"twitter:label1\" content=\"Predpokladan\u00fd \u010das \u010d\u00edtania\" \/>\n\t<meta name=\"twitter:data1\" content=\"2 min\u00faty\" \/>\n<script type=\"application\/ld+json\" class=\"yoast-schema-graph\">{\"@context\":\"https:\/\/schema.org\",\"@graph\":[{\"@type\":\"WebPage\",\"@id\":\"https:\/\/transfereurope.com\/sk\/osobny-vodic\/osobny-vodic-v-prahe\/\",\"url\":\"https:\/\/transfereurope.com\/sk\/osobny-vodic\/osobny-vodic-v-prahe\/\",\"name\":\"Transfer Praha. Osobn\u00fd vodi\u010d v Prahe - Transfer Europe\",\"isPartOf\":{\"@id\":\"https:\/\/transfereurope.com\/sk\/#website\"},\"primaryImageOfPage\":{\"@id\":\"https:\/\/transfereurope.com\/sk\/osobny-vodic\/osobny-vodic-v-prahe\/#primaryimage\"},\"image\":{\"@id\":\"https:\/\/transfereurope.com\/sk\/osobny-vodic\/osobny-vodic-v-prahe\/#primaryimage\"},\"thumbnailUrl\":\"https:\/\/transfereurope.com\/wp-content\/uploads\/2025\/08\/Chauffeur_Service__4-6-1.jpg\",\"datePublished\":\"2025-08-04T20:33:18+00:00\",\"description\":\"Auto s vodi\u010dom v Prahe z letiska do centra mesta. Objednajte si auto s osobn\u00fdm \u0161of\u00e9rom v Prahe na Transfer Europe \u2714 Ve\u013ek\u00fd vozov\u00fd park \u2714 Profesion\u00e1lni vodi\u010di \u260e + 421 951 460 615.\",\"breadcrumb\":{\"@id\":\"https:\/\/transfereurope.com\/sk\/osobny-vodic\/osobny-vodic-v-prahe\/#breadcrumb\"},\"inLanguage\":\"sk-SK\",\"potentialAction\":[{\"@type\":\"ReadAction\",\"target\":[\"https:\/\/transfereurope.com\/sk\/osobny-vodic\/osobny-vodic-v-prahe\/\"]}]},{\"@type\":\"ImageObject\",\"inLanguage\":\"sk-SK\",\"@id\":\"https:\/\/transfereurope.com\/sk\/osobny-vodic\/osobny-vodic-v-prahe\/#primaryimage\",\"url\":\"https:\/\/transfereurope.com\/wp-content\/uploads\/2025\/08\/Chauffeur_Service__4-6-1.jpg\",\"contentUrl\":\"https:\/\/transfereurope.com\/wp-content\/uploads\/2025\/08\/Chauffeur_Service__4-6-1.jpg\",\"width\":960,\"height\":1200},{\"@type\":\"BreadcrumbList\",\"@id\":\"https:\/\/transfereurope.com\/sk\/osobny-vodic\/osobny-vodic-v-prahe\/#breadcrumb\",\"itemListElement\":[{\"@type\":\"ListItem\",\"position\":1,\"name\":\"Home\",\"item\":\"https:\/\/transfereurope.com\/sk\/\"},{\"@type\":\"ListItem\",\"position\":2,\"name\":\"Osobn\u00fd vodi\u010d v Prahe\"}]},{\"@type\":\"WebSite\",\"@id\":\"https:\/\/transfereurope.com\/sk\/#website\",\"url\":\"https:\/\/transfereurope.com\/sk\/\",\"name\":\"transfereurope\",\"description\":\"\",\"publisher\":{\"@id\":\"https:\/\/transfereurope.com\/sk\/#organization\"},\"potentialAction\":[{\"@type\":\"SearchAction\",\"target\":{\"@type\":\"EntryPoint\",\"urlTemplate\":\"https:\/\/transfereurope.com\/sk\/?s={search_term_string}\"},\"query-input\":{\"@type\":\"PropertyValueSpecification\",\"valueRequired\":true,\"valueName\":\"search_term_string\"}}],\"inLanguage\":\"sk-SK\"},{\"@type\":\"Organization\",\"@id\":\"https:\/\/transfereurope.com\/sk\/#organization\",\"name\":\"transfereurope\",\"url\":\"https:\/\/transfereurope.com\/sk\/\",\"logo\":{\"@type\":\"ImageObject\",\"inLanguage\":\"sk-SK\",\"@id\":\"https:\/\/transfereurope.com\/sk\/#\/schema\/logo\/image\/\",\"url\":\"https:\/\/transfereurope.com\/wp-content\/uploads\/2025\/08\/TRANSFERS-1655.png\",\"contentUrl\":\"https:\/\/transfereurope.com\/wp-content\/uploads\/2025\/08\/TRANSFERS-1655.png\",\"width\":500,\"height\":274,\"caption\":\"transfereurope\"},\"image\":{\"@id\":\"https:\/\/transfereurope.com\/sk\/#\/schema\/logo\/image\/\"}}]}<\/script>\n<!-- \/ Yoast SEO plugin. -->","yoast_head_json":{"title":"Transfer Praha. Osobn\u00fd vodi\u010d v Prahe - Transfer Europe","description":"Auto s vodi\u010dom v Prahe z letiska do centra mesta. Objednajte si auto s osobn\u00fdm \u0161of\u00e9rom v Prahe na Transfer Europe \u2714 Ve\u013ek\u00fd vozov\u00fd park \u2714 Profesion\u00e1lni vodi\u010di \u260e + 421 951 460 615.","robots":{"index":"index","follow":"follow","max-snippet":"max-snippet:-1","max-image-preview":"max-image-preview:large","max-video-preview":"max-video-preview:-1"},"canonical":"https:\/\/transfereurope.com\/sk\/osobny-vodic\/osobny-vodic-v-prahe\/","og_locale":"sk_SK","og_type":"article","og_title":"Transfer Praha. Osobn\u00fd vodi\u010d v Prahe - Transfer Europe","og_description":"Auto s vodi\u010dom v Prahe z letiska do centra mesta. Objednajte si auto s osobn\u00fdm \u0161of\u00e9rom v Prahe na Transfer Europe \u2714 Ve\u013ek\u00fd vozov\u00fd park \u2714 Profesion\u00e1lni vodi\u010di \u260e + 421 951 460 615.","og_url":"https:\/\/transfereurope.com\/sk\/osobny-vodic\/osobny-vodic-v-prahe\/","og_site_name":"transfereurope","og_image":[{"width":960,"height":1200,"url":"https:\/\/transfereurope.com\/wp-content\/uploads\/2025\/08\/Chauffeur_Service__4-6-1.jpg","type":"image\/jpeg"}],"twitter_card":"summary_large_image","twitter_misc":{"Predpokladan\u00fd \u010das \u010d\u00edtania":"2 min\u00faty"},"schema":{"@context":"https:\/\/schema.org","@graph":[{"@type":"WebPage","@id":"https:\/\/transfereurope.com\/sk\/osobny-vodic\/osobny-vodic-v-prahe\/","url":"https:\/\/transfereurope.com\/sk\/osobny-vodic\/osobny-vodic-v-prahe\/","name":"Transfer Praha. Osobn\u00fd vodi\u010d v Prahe - Transfer Europe","isPartOf":{"@id":"https:\/\/transfereurope.com\/sk\/#website"},"primaryImageOfPage":{"@id":"https:\/\/transfereurope.com\/sk\/osobny-vodic\/osobny-vodic-v-prahe\/#primaryimage"},"image":{"@id":"https:\/\/transfereurope.com\/sk\/osobny-vodic\/osobny-vodic-v-prahe\/#primaryimage"},"thumbnailUrl":"https:\/\/transfereurope.com\/wp-content\/uploads\/2025\/08\/Chauffeur_Service__4-6-1.jpg","datePublished":"2025-08-04T20:33:18+00:00","description":"Auto s vodi\u010dom v Prahe z letiska do centra mesta. Objednajte si auto s osobn\u00fdm \u0161of\u00e9rom v Prahe na Transfer Europe \u2714 Ve\u013ek\u00fd vozov\u00fd park \u2714 Profesion\u00e1lni vodi\u010di \u260e + 421 951 460 615.","breadcrumb":{"@id":"https:\/\/transfereurope.com\/sk\/osobny-vodic\/osobny-vodic-v-prahe\/#breadcrumb"},"inLanguage":"sk-SK","potentialAction":[{"@type":"ReadAction","target":["https:\/\/transfereurope.com\/sk\/osobny-vodic\/osobny-vodic-v-prahe\/"]}]},{"@type":"ImageObject","inLanguage":"sk-SK","@id":"https:\/\/transfereurope.com\/sk\/osobny-vodic\/osobny-vodic-v-prahe\/#primaryimage","url":"https:\/\/transfereurope.com\/wp-content\/uploads\/2025\/08\/Chauffeur_Service__4-6-1.jpg","contentUrl":"https:\/\/transfereurope.com\/wp-content\/uploads\/2025\/08\/Chauffeur_Service__4-6-1.jpg","width":960,"height":1200},{"@type":"BreadcrumbList","@id":"https:\/\/transfereurope.com\/sk\/osobny-vodic\/osobny-vodic-v-prahe\/#breadcrumb","itemListElement":[{"@type":"ListItem","position":1,"name":"Home","item":"https:\/\/transfereurope.com\/sk\/"},{"@type":"ListItem","position":2,"name":"Osobn\u00fd vodi\u010d v Prahe"}]},{"@type":"WebSite","@id":"https:\/\/transfereurope.com\/sk\/#website","url":"https:\/\/transfereurope.com\/sk\/","name":"transfereurope","description":"","publisher":{"@id":"https:\/\/transfereurope.com\/sk\/#organization"},"potentialAction":[{"@type":"SearchAction","target":{"@type":"EntryPoint","urlTemplate":"https:\/\/transfereurope.com\/sk\/?s={search_term_string}"},"query-input":{"@type":"PropertyValueSpecification","valueRequired":true,"valueName":"search_term_string"}}],"inLanguage":"sk-SK"},{"@type":"Organization","@id":"https:\/\/transfereurope.com\/sk\/#organization","name":"transfereurope","url":"https:\/\/transfereurope.com\/sk\/","logo":{"@type":"ImageObject","inLanguage":"sk-SK","@id":"https:\/\/transfereurope.com\/sk\/#\/schema\/logo\/image\/","url":"https:\/\/transfereurope.com\/wp-content\/uploads\/2025\/08\/TRANSFERS-1655.png","contentUrl":"https:\/\/transfereurope.com\/wp-content\/uploads\/2025\/08\/TRANSFERS-1655.png","width":500,"height":274,"caption":"transfereurope"},"image":{"@id":"https:\/\/transfereurope.com\/sk\/#\/schema\/logo\/image\/"}}]}},"_links":{"self":[{"href":"https:\/\/transfereurope.com\/sk\/wp-json\/wp\/v2\/pages\/21878","targetHints":{"allow":["GET"]}}],"collection":[{"href":"https:\/\/transfereurope.com\/sk\/wp-json\/wp\/v2\/pages"}],"about":[{"href":"https:\/\/transfereurope.com\/sk\/wp-json\/wp\/v2\/types\/page"}],"author":[{"embeddable":true,"href":"https:\/\/transfereurope.com\/sk\/wp-json\/wp\/v2\/users\/1"}],"replies":[{"embeddable":true,"href":"https:\/\/transfereurope.com\/sk\/wp-json\/wp\/v2\/comments?post=21878"}],"version-history":[{"count":0,"href":"https:\/\/transfereurope.com\/sk\/wp-json\/wp\/v2\/pages\/21878\/revisions"}],"up":[{"embeddable":true,"href":"https:\/\/transfereurope.com\/sk\/wp-json\/wp\/v2\/pages\/18255"}],"wp:featuredmedia":[{"embeddable":true,"href":"https:\/\/transfereurope.com\/sk\/wp-json\/wp\/v2\/media\/21879"}],"wp:attachment":[{"href":"https:\/\/transfereurope.com\/sk\/wp-json\/wp\/v2\/media?parent=21878"}],"curies":[{"name":"wp","href":"https:\/\/api.w.org\/{rel}","templated":true}]}}