{"id":18348,"date":"2025-08-04T19:33:55","date_gmt":"2025-08-04T19:33:55","guid":{"rendered":"https:\/\/transfereurope.com\/sukromne-prehliadky\/"},"modified":"2025-08-04T19:33:55","modified_gmt":"2025-08-04T19:33:55","slug":"sukromne-prehliadky","status":"publish","type":"page","link":"https:\/\/transfereurope.com\/sk\/sukromne-prehliadky\/","title":{"rendered":"Prehliadky s\u00fakromnej Eur\u00f3py"},"content":{"rendered":"\n<div id=\"t4-section-2\" class=\"t4-section  t4-section-2\" role=\"section-2\">\n<div class=\"bg-overlay bg-overlay-image\">&nbsp;<\/div>\n<div class=\"t4-section-inner container\">\n<div class=\"t4-section-inner section\" id=\"Mod271\">\n<div class=\"section-inner\">\n<div class=\"container\">\n<div class=\"section-title-wrap text-left\">\n<h1 class=\"section-title h2 text-normal\"><span>Prehliadky s\u00fakromnej Eur\u00f3py<\/span><\/h1>\n<\/div>\n<\/div>\n<div class=\"section-ct\">\n<div class=\"categories-module mod-grid row\">\n<div class=\"col-12 col-sm-4\">\n<div class=\"item-wrap\"> \t\t\t<a href=\"\/sk\/sukromne-prehliadky\/viedenske-sukromne-prehliadky\" class=\"bg-intro\" style=\"background-image: url(\/images\/slovak\/prehliadky-sukromnej\/vieden\/sukromne-zajazdy-vo-viedni.jpg)\"><\/a> \t\t\t<\/p>\n<div class=\"item-inner\">\n<h3> \t\t\t\t\t<a href=\"\/sk\/sukromne-prehliadky\/viedenske-sukromne-prehliadky\"> \t\t\t\t\tViedensk\u00e9 s\u00fakromn\u00e9 \u200b\u200bprehliadky\t\t\t\t\t<\/a> \t\t\t\t<\/h3>\n<\/p><\/div>\n<\/p><\/div>\n<\/p><\/div>\n<div class=\"col-12 col-sm-8\">\n<div class=\"item-wrap\"> \t\t\t<a href=\"\/sk\/sukromne-prehliadky\/sukromne-prehliadky-v-bratislave\" class=\"bg-intro\" style=\"background-image: url(\/images\/slovak\/prehliadky-sukromnej\/bratislava\/sprievodca-prehliadka-bratislava.jpg)\"><\/a> \t\t\t<\/p>\n<div class=\"item-inner\">\n<h3> \t\t\t\t\t<a href=\"\/sk\/sukromne-prehliadky\/sukromne-prehliadky-v-bratislave\"> \t\t\t\t\tS\u00fakromn\u00e9 \u200b\u200bprehliadky v Bratislave\t\t\t\t\t<\/a> \t\t\t\t<\/h3>\n<\/p><\/div>\n<\/p><\/div>\n<\/p><\/div>\n<div class=\"col-12 col-sm-4\">\n<div class=\"item-wrap\"> \t\t\t<a href=\"\/sk\/sukromne-prehliadky\/sukromne-prehliadky-v-budapesti\" class=\"bg-intro\" style=\"background-image: url(\/images\/slovak\/prehliadky-sukromnej\/budapest\/budapes-prehliadka-so-sprievodcom.jpg)\"><\/a> \t\t\t<\/p>\n<div class=\"item-inner\">\n<h3> \t\t\t\t\t<a href=\"\/sk\/sukromne-prehliadky\/sukromne-prehliadky-v-budapesti\"> \t\t\t\t\tS\u00fakromn\u00e9 \u200b\u200bprehliadky v Budape\u0161ti\t\t\t\t\t<\/a> \t\t\t\t<\/h3>\n<\/p><\/div>\n<\/p><\/div>\n<\/p><\/div>\n<div class=\"col-12 col-sm-4\">\n<div class=\"item-wrap\"> \t\t\t<a href=\"\/sk\/sukromne-prehliadky\/sukromne-prehliadky-v-prahe\" class=\"bg-intro\" style=\"background-image: url(\/images\/slovak\/prehliadky-sukromnej\/praha\/sukromna-prehliadky-praha.jpg)\"><\/a> \t\t\t<\/p>\n<div class=\"item-inner\">\n<h3> \t\t\t\t\t<a href=\"\/sk\/sukromne-prehliadky\/sukromne-prehliadky-v-prahe\"> \t\t\t\t\tS\u00fakromn\u00e9 \u200b\u200bprehliadky v Prahe\t\t\t\t\t<\/a> \t\t\t\t<\/h3>\n<\/p><\/div>\n<\/p><\/div>\n<\/p><\/div>\n<div class=\"col-12 col-sm-4\">\n<div class=\"item-wrap\"> \t\t\t<a href=\"\/sk\/sukromne-prehliadky\/sukromne-prehliadky-v-brne\" class=\"bg-intro\" style=\"background-image: url(\/images\/slovak\/prehliadky-sukromnej\/brno\/sukromni-prehliadky-brno.jpg)\"><\/a> \t\t\t<\/p>\n<div class=\"item-inner\">\n<h3> \t\t\t\t\t<a href=\"\/sk\/sukromne-prehliadky\/sukromne-prehliadky-v-brne\"> \t\t\t\t\tS\u00fakromn\u00e9 \u200b\u200bprehliadky v Brne\t\t\t\t\t<\/a> \t\t\t\t<\/h3>\n<\/p><\/div>\n<\/p><\/div>\n<\/p><\/div>\n<div class=\"col-12 col-sm-4\">\n<div class=\"item-wrap\"> \t\t\t<a href=\"\/sk\/sukromne-prehliadky\/sukromne-prehliadky-v-drazdanoch\" class=\"bg-intro\" style=\"background-image: url(\/images\/slovak\/prehliadky-sukromnej\/dresden\/skuseni-sprievodcovia-dresden.jpg)\"><\/a> \t\t\t<\/p>\n<div class=\"item-inner\">\n<h3> \t\t\t\t\t<a href=\"\/sk\/sukromne-prehliadky\/sukromne-prehliadky-v-drazdanoch\"> \t\t\t\t\tS\u00fakromn\u00e9 \u200b\u200bprehliadky v Dr\u00e1\u017e\u010fanoch\t\t\t\t\t<\/a> \t\t\t\t<\/h3>\n<\/p><\/div>\n<\/p><\/div>\n<\/p><\/div>\n<\/p><\/div>\n<\/p><\/div>\n<\/div>\n<\/div>\n<\/div><\/div>\n<div id=\"t4-section-3\" class=\"t4-section  t4-section-3   py-0\">\n<div id=\"acm-features-272\" class=\"acm-features style-3\">\n<div class=\"container\">\n<div class=\"row\">\n<div class=\"col-lg-6 col-md-12 col-sm-12\">\n<div class=\"ft-image\">\n<div class=\"img-feature\">  \t\t\t\t\t\t\t<img decoding=\"async\" src=\"\/wp-content\/uploads\/2025\/08\/osobne-zajazdy-europa-2.jpg\" alt=\"Individu\u00e1lne z\u00e1jazdy po Eur\u00f3pe\"\/>  \t\t\t\t\t\t<\/div>\n<\/p><\/div>\n<\/p><\/div>\n<div class=\"col-lg-6 col-md-12 col-sm-12\">\n<div class=\"ft-content\">\n<h3>\n<h2>Individu\u00e1lne z\u00e1jazdy po Eur\u00f3pe<\/h2>\n<\/h3>\n<p>Pri\u0161li ste do Eur\u00f3py spozn\u00e1va\u0165 mest\u00e1 a chcete pokojne a bez n\u00e1hlenia nav\u0161t\u00edvi\u0165 najlep\u0161ie pamiatky najkraj\u0161\u00edch hlavn\u00fdch miest? Spr\u00e1vnym rozhodnut\u00edm je rezerv\u00e1cia VIP turn\u00e9 po Eur\u00f3pe so s\u00fakromn\u00fdm sprievodcom. N\u00e1\u0161 vodi\u010d v s\u00fakromnom aute v\u00e1s pohodlne doprav\u00ed do cie\u013ea a bude \u010daka\u0165 tak dlho, ako bude potrebn\u00e9 bez \u010fal\u0161\u00edch platieb.<\/p>\n<h3>Spolo\u010dnos\u0165 Transfers Europe v\u00e1m pon\u00faka s\u00fakromn\u00e9 \u200b\u200bv\u00fdlety a transfery so sprievodcom v Eur\u00f3pe<\/h3>\n<p>Ka\u017ed\u00fd vie, \u017ee jednoduch\u00ed sprievodcovia sa nikdy nevyrovnaj\u00fa znal\u00fdm a v\u00e1\u0161niv\u00fdm sprievodcom. Poskytujeme najzauj\u00edmavej\u0161ie osobn\u00e9 z\u00e1jazdy do Eur\u00f3py so s\u00fakromn\u00fdm sprievodcom pre dokonal\u00fd de\u0148 a prehliadku mesta.<\/p>\n<p>  Ak m\u00e1te k dispoz\u00edcii dostatok \u010dasu, n\u00e1\u0161 vodi\u010d v\u00e1s vezme so sprievodcom po akejko\u013evek trase, aby ste videli maximum pamiatok a c\u00edtili sa na ceste pohodlne. M\u00f4\u017eete si zvoli\u0165 \u013eubovo\u013en\u00fd smer prehliadok so sprievodcom po Eur\u00f3pe, medzi nimi aj:<\/br> <\/p>\n<ul>\n<li>Umenie a kult\u00fara<\/li>\n<li>N\u00e1v\u0161teva m\u00faze\u00ed<\/li>\n<li>Historick\u00e9 udalosti<\/li>\n<li>Exkurzie pod hol\u00fdm nebom<\/li>\n<li>N\u00e1v\u0161teva z\u00e1bavn\u00fdch parkov<\/li>\n<li>Exkurzie pre deti so v\u0161etk\u00fdmi druhmi z\u00e1bavy<\/li>\n<\/ul>\n<h3>Prehliadky a transfery v Eur\u00f3pe<\/h3>\n<p>M\u00e1me obrovsk\u00fd v\u00fdber jednotliv\u00fdch z\u00e1jazdov po Eur\u00f3pe so sprievodcom. Vyberieme trasu pod\u013ea va\u0161ich preferenci\u00ed. Pozn\u00e1vac\u00ed z\u00e1jazd pom\u00f4\u017ee zozn\u00e1mi\u0165 sa s mestom prv\u00fd raz a urobi\u0165 si o \u0148om predstavu.<\/p>\n<p>Spolo\u010dnos\u0165 Transfers Europe urob\u00ed v\u0161etko pre to, aby boli va\u0161e s\u00fakromn\u00e9 \u200b\u200bv\u00fdlety po Eur\u00f3pe nezabudnute\u013en\u00e9 a zanechali len pr\u00edjemn\u00e9 dojmy! Podrobn\u00e9 inform\u00e1cie o z\u00e1jazdoch z\u00edskate na telef\u00f3nnom \u010d\u00edsle uvedenom na webov\u00fdch str\u00e1nkach, zaslan\u00ed \u017eiadosti na n\u00e1\u0161 e-mail alebo kontaktovan\u00ed konzultantov prostredn\u00edctvom poslov WhatsApp alebo Viber.<\/p>\n<p> \t\t\t\t\t   \t\t\t\t\t   \t\t\t\t\t\t<a class=\"btn btn-secondary mt-3\" href=\"\/sk\/rezervovat-transfer\">  \t\t\t\t\t\t\tRezervova\u0165 \t\t\t\t\t\t<\/a>  \t\t\t\t\t \t\t\t\t<\/div>\n<\/p><\/div>\n<\/p><\/div>\n<\/p><\/div>\n<\/p><\/div>\n<p>    <script><\/script><\/div>\n<div class=\"t4-section\" role=\"\">\n<div class=\"t4-section-inner container\">\n<div id=\"system-message-container\"> \t<\/div>\n<div class=\"com-content-category-blog blog layout-view-tours-list\" itemscope itemtype=\"https:\/\/schema.org\/Blog\">\n<div class=\"com-content-category-blog__children cat-children\"> \t\t\t\t\t\t\t<!-- \n\n<h3> Podkateg\u00f3rie <\/h3>\n\n --> \t\t\t\t\t\t \t\t\t\t\t\t\t\t\t\t\t\t\t\t\t\t\t\t\t\t\t\t\t\t\t\t\t\t\t\t\t\t\t\t\t\t\t\t\t\t\t\t\t\t\t\t\t\t\t\t\t\t\t\t\t\t\t\t\t\t\t  <\/div>\n<p> \t\t\t\t<!-- \u041f\u043b\u0430\u0433\u0438\u043d \u0440\u0435\u0439\u0442\u0438\u043d\u0433\u0430 --> \t\t<\/p>\n<div class=\"vrvote-body\">\n<ul class=\"vrvote-ul\">\n<li id=\"rating_89\" class=\"current-rating\" style=\"width:97.86%;\"><\/li>\n<li> \t\t\t\t\t\t<a class=\"vr-one-star\" onclick=\"javascript:JSVRvote(89,1,137,28,0)\" href=\"javascript:void(null)\">1<\/a> \t\t\t\t\t<\/li>\n<li> \t\t\t\t\t\t<a class=\"vr-two-stars\" onclick=\"javascript:JSVRvote(89,2,137,28,0)\" href=\"javascript:void(null)\">2<\/a> \t\t\t\t\t<\/li>\n<li> \t\t\t\t\t\t<a class=\"vr-three-stars\" onclick=\"javascript:JSVRvote(89,3,137,28,0)\" href=\"javascript:void(null)\">3<\/a> \t\t\t\t\t<\/li>\n<li> \t\t\t\t\t\t<a class=\"vr-four-stars\" onclick=\"javascript:JSVRvote(89,4,137,28,0)\" href=\"javascript:void(null)\">4<\/a> \t\t\t\t\t<\/li>\n<li> \t\t\t\t\t\t<a class=\"vr-five-stars\" onclick=\"javascript:JSVRvote(89,5,137,28,0)\" href=\"javascript:void(null)\">5<\/a> \t\t\t\t\t<\/li>\n<\/ul><\/div>\n<p> \t\t\t<span id=\"vrvote_89\" class=\"vrvote-count\"><small><\/small><\/span>\t<\/span><\/div>\n<p> <script type=\"application\/ld+json\"><\/script>  <\/div>\n<\/p><\/div>\n<div id=\"t4-section-8\" class=\"t4-section  t4-section-8\" role=\"section-8\">\n<div class=\"bg-overlay bg-overlay-image\">&nbsp;<\/div>\n<\/p><\/div>\n<p>      <a href='javascript:' id='back-to-top'><i class='fa fa-chevron-up'><\/i><\/a>                <\/p>\n","protected":false},"excerpt":{"rendered":"<p>&nbsp; Prehliadky s\u00fakromnej Eur\u00f3py Viedensk\u00e9 s\u00fakromn\u00e9 \u200b\u200bprehliadky S\u00fakromn\u00e9 \u200b\u200bprehliadky v Bratislave S\u00fakromn\u00e9 \u200b\u200bprehliadky v Budape\u0161ti S\u00fakromn\u00e9 \u200b\u200bprehliadky v Prahe S\u00fakromn\u00e9 \u200b\u200bprehliadky v Brne S\u00fakromn\u00e9 \u200b\u200bprehliadky v Dr\u00e1\u017e\u010fanoch Individu\u00e1lne z\u00e1jazdy po Eur\u00f3pe Pri\u0161li ste do Eur\u00f3py spozn\u00e1va\u0165 mest\u00e1 a chcete pokojne a bez n\u00e1hlenia nav\u0161t\u00edvi\u0165 najlep\u0161ie pamiatky najkraj\u0161\u00edch hlavn\u00fdch miest? Spr\u00e1vnym rozhodnut\u00edm je rezerv\u00e1cia VIP turn\u00e9 [&hellip;]<\/p>\n","protected":false},"author":1,"featured_media":18349,"parent":0,"menu_order":0,"comment_status":"closed","ping_status":"closed","template":"","meta":{"footnotes":""},"class_list":["post-18348","page","type-page","status-publish","has-post-thumbnail","hentry"],"yoast_head":"<!-- This site is optimized with the Yoast SEO plugin v25.6 - https:\/\/yoast.com\/wordpress\/plugins\/seo\/ -->\n<title>Transfer so sprievodcom v Eur\u00f3pe. Individu\u00e1lne z\u00e1jazdy<\/title>\n<meta name=\"description\" content=\"S\u00fakromn\u00e9 \u200b\u200bVIP z\u00e1jazdy v Eur\u00f3pe. Objednajte si prevod so sprievodcom v Eur\u00f3pe \u2714Ve\u013ek\u00fd vozov\u00fd park \u2714Profesion\u00e1lni vodi\u010di \u260e +421 940 904 184\" \/>\n<meta name=\"robots\" content=\"index, follow, max-snippet:-1, max-image-preview:large, max-video-preview:-1\" \/>\n<link rel=\"canonical\" href=\"https:\/\/transfereurope.com\/sk\/sukromne-prehliadky\/\" \/>\n<meta property=\"og:locale\" content=\"sk_SK\" \/>\n<meta property=\"og:type\" content=\"article\" \/>\n<meta property=\"og:title\" content=\"Transfer so sprievodcom v Eur\u00f3pe. Individu\u00e1lne z\u00e1jazdy\" \/>\n<meta property=\"og:description\" content=\"S\u00fakromn\u00e9 \u200b\u200bVIP z\u00e1jazdy v Eur\u00f3pe. Objednajte si prevod so sprievodcom v Eur\u00f3pe \u2714Ve\u013ek\u00fd vozov\u00fd park \u2714Profesion\u00e1lni vodi\u010di \u260e +421 940 904 184\" \/>\n<meta property=\"og:url\" content=\"https:\/\/transfereurope.com\/sk\/sukromne-prehliadky\/\" \/>\n<meta property=\"og:site_name\" content=\"transfereurope\" \/>\n<meta property=\"og:image\" content=\"https:\/\/transfereurope.com\/wp-content\/uploads\/2025\/08\/osobne-zajazdy-europa-2-1.jpg\" \/>\n\t<meta property=\"og:image:width\" content=\"1080\" \/>\n\t<meta property=\"og:image:height\" content=\"1921\" \/>\n\t<meta property=\"og:image:type\" content=\"image\/jpeg\" \/>\n<meta name=\"twitter:card\" content=\"summary_large_image\" \/>\n<meta name=\"twitter:label1\" content=\"Predpokladan\u00fd \u010das \u010d\u00edtania\" \/>\n\t<meta name=\"twitter:data1\" content=\"2 min\u00faty\" \/>\n<script type=\"application\/ld+json\" class=\"yoast-schema-graph\">{\"@context\":\"https:\/\/schema.org\",\"@graph\":[{\"@type\":\"WebPage\",\"@id\":\"https:\/\/transfereurope.com\/sk\/sukromne-prehliadky\/\",\"url\":\"https:\/\/transfereurope.com\/sk\/sukromne-prehliadky\/\",\"name\":\"Transfer so sprievodcom v Eur\u00f3pe. Individu\u00e1lne z\u00e1jazdy\",\"isPartOf\":{\"@id\":\"https:\/\/transfereurope.com\/sk\/#website\"},\"primaryImageOfPage\":{\"@id\":\"https:\/\/transfereurope.com\/sk\/sukromne-prehliadky\/#primaryimage\"},\"image\":{\"@id\":\"https:\/\/transfereurope.com\/sk\/sukromne-prehliadky\/#primaryimage\"},\"thumbnailUrl\":\"https:\/\/transfereurope.com\/wp-content\/uploads\/2025\/08\/osobne-zajazdy-europa-2-1.jpg\",\"datePublished\":\"2025-08-04T19:33:55+00:00\",\"description\":\"S\u00fakromn\u00e9 \u200b\u200bVIP z\u00e1jazdy v Eur\u00f3pe. Objednajte si prevod so sprievodcom v Eur\u00f3pe \u2714Ve\u013ek\u00fd vozov\u00fd park \u2714Profesion\u00e1lni vodi\u010di \u260e +421 940 904 184\",\"breadcrumb\":{\"@id\":\"https:\/\/transfereurope.com\/sk\/sukromne-prehliadky\/#breadcrumb\"},\"inLanguage\":\"sk-SK\",\"potentialAction\":[{\"@type\":\"ReadAction\",\"target\":[\"https:\/\/transfereurope.com\/sk\/sukromne-prehliadky\/\"]}]},{\"@type\":\"ImageObject\",\"inLanguage\":\"sk-SK\",\"@id\":\"https:\/\/transfereurope.com\/sk\/sukromne-prehliadky\/#primaryimage\",\"url\":\"https:\/\/transfereurope.com\/wp-content\/uploads\/2025\/08\/osobne-zajazdy-europa-2-1.jpg\",\"contentUrl\":\"https:\/\/transfereurope.com\/wp-content\/uploads\/2025\/08\/osobne-zajazdy-europa-2-1.jpg\",\"width\":1080,\"height\":1921},{\"@type\":\"BreadcrumbList\",\"@id\":\"https:\/\/transfereurope.com\/sk\/sukromne-prehliadky\/#breadcrumb\",\"itemListElement\":[{\"@type\":\"ListItem\",\"position\":1,\"name\":\"Home\",\"item\":\"https:\/\/transfereurope.com\/sk\/\"},{\"@type\":\"ListItem\",\"position\":2,\"name\":\"Prehliadky s\u00fakromnej Eur\u00f3py\"}]},{\"@type\":\"WebSite\",\"@id\":\"https:\/\/transfereurope.com\/sk\/#website\",\"url\":\"https:\/\/transfereurope.com\/sk\/\",\"name\":\"transfereurope\",\"description\":\"\",\"publisher\":{\"@id\":\"https:\/\/transfereurope.com\/sk\/#organization\"},\"potentialAction\":[{\"@type\":\"SearchAction\",\"target\":{\"@type\":\"EntryPoint\",\"urlTemplate\":\"https:\/\/transfereurope.com\/sk\/?s={search_term_string}\"},\"query-input\":{\"@type\":\"PropertyValueSpecification\",\"valueRequired\":true,\"valueName\":\"search_term_string\"}}],\"inLanguage\":\"sk-SK\"},{\"@type\":\"Organization\",\"@id\":\"https:\/\/transfereurope.com\/sk\/#organization\",\"name\":\"transfereurope\",\"url\":\"https:\/\/transfereurope.com\/sk\/\",\"logo\":{\"@type\":\"ImageObject\",\"inLanguage\":\"sk-SK\",\"@id\":\"https:\/\/transfereurope.com\/sk\/#\/schema\/logo\/image\/\",\"url\":\"https:\/\/transfereurope.com\/wp-content\/uploads\/2025\/08\/TRANSFERS-1655.png\",\"contentUrl\":\"https:\/\/transfereurope.com\/wp-content\/uploads\/2025\/08\/TRANSFERS-1655.png\",\"width\":500,\"height\":274,\"caption\":\"transfereurope\"},\"image\":{\"@id\":\"https:\/\/transfereurope.com\/sk\/#\/schema\/logo\/image\/\"}}]}<\/script>\n<!-- \/ Yoast SEO plugin. -->","yoast_head_json":{"title":"Transfer so sprievodcom v Eur\u00f3pe. Individu\u00e1lne z\u00e1jazdy","description":"S\u00fakromn\u00e9 \u200b\u200bVIP z\u00e1jazdy v Eur\u00f3pe. Objednajte si prevod so sprievodcom v Eur\u00f3pe \u2714Ve\u013ek\u00fd vozov\u00fd park \u2714Profesion\u00e1lni vodi\u010di \u260e +421 940 904 184","robots":{"index":"index","follow":"follow","max-snippet":"max-snippet:-1","max-image-preview":"max-image-preview:large","max-video-preview":"max-video-preview:-1"},"canonical":"https:\/\/transfereurope.com\/sk\/sukromne-prehliadky\/","og_locale":"sk_SK","og_type":"article","og_title":"Transfer so sprievodcom v Eur\u00f3pe. Individu\u00e1lne z\u00e1jazdy","og_description":"S\u00fakromn\u00e9 \u200b\u200bVIP z\u00e1jazdy v Eur\u00f3pe. Objednajte si prevod so sprievodcom v Eur\u00f3pe \u2714Ve\u013ek\u00fd vozov\u00fd park \u2714Profesion\u00e1lni vodi\u010di \u260e +421 940 904 184","og_url":"https:\/\/transfereurope.com\/sk\/sukromne-prehliadky\/","og_site_name":"transfereurope","og_image":[{"width":1080,"height":1921,"url":"https:\/\/transfereurope.com\/wp-content\/uploads\/2025\/08\/osobne-zajazdy-europa-2-1.jpg","type":"image\/jpeg"}],"twitter_card":"summary_large_image","twitter_misc":{"Predpokladan\u00fd \u010das \u010d\u00edtania":"2 min\u00faty"},"schema":{"@context":"https:\/\/schema.org","@graph":[{"@type":"WebPage","@id":"https:\/\/transfereurope.com\/sk\/sukromne-prehliadky\/","url":"https:\/\/transfereurope.com\/sk\/sukromne-prehliadky\/","name":"Transfer so sprievodcom v Eur\u00f3pe. Individu\u00e1lne z\u00e1jazdy","isPartOf":{"@id":"https:\/\/transfereurope.com\/sk\/#website"},"primaryImageOfPage":{"@id":"https:\/\/transfereurope.com\/sk\/sukromne-prehliadky\/#primaryimage"},"image":{"@id":"https:\/\/transfereurope.com\/sk\/sukromne-prehliadky\/#primaryimage"},"thumbnailUrl":"https:\/\/transfereurope.com\/wp-content\/uploads\/2025\/08\/osobne-zajazdy-europa-2-1.jpg","datePublished":"2025-08-04T19:33:55+00:00","description":"S\u00fakromn\u00e9 \u200b\u200bVIP z\u00e1jazdy v Eur\u00f3pe. Objednajte si prevod so sprievodcom v Eur\u00f3pe \u2714Ve\u013ek\u00fd vozov\u00fd park \u2714Profesion\u00e1lni vodi\u010di \u260e +421 940 904 184","breadcrumb":{"@id":"https:\/\/transfereurope.com\/sk\/sukromne-prehliadky\/#breadcrumb"},"inLanguage":"sk-SK","potentialAction":[{"@type":"ReadAction","target":["https:\/\/transfereurope.com\/sk\/sukromne-prehliadky\/"]}]},{"@type":"ImageObject","inLanguage":"sk-SK","@id":"https:\/\/transfereurope.com\/sk\/sukromne-prehliadky\/#primaryimage","url":"https:\/\/transfereurope.com\/wp-content\/uploads\/2025\/08\/osobne-zajazdy-europa-2-1.jpg","contentUrl":"https:\/\/transfereurope.com\/wp-content\/uploads\/2025\/08\/osobne-zajazdy-europa-2-1.jpg","width":1080,"height":1921},{"@type":"BreadcrumbList","@id":"https:\/\/transfereurope.com\/sk\/sukromne-prehliadky\/#breadcrumb","itemListElement":[{"@type":"ListItem","position":1,"name":"Home","item":"https:\/\/transfereurope.com\/sk\/"},{"@type":"ListItem","position":2,"name":"Prehliadky s\u00fakromnej Eur\u00f3py"}]},{"@type":"WebSite","@id":"https:\/\/transfereurope.com\/sk\/#website","url":"https:\/\/transfereurope.com\/sk\/","name":"transfereurope","description":"","publisher":{"@id":"https:\/\/transfereurope.com\/sk\/#organization"},"potentialAction":[{"@type":"SearchAction","target":{"@type":"EntryPoint","urlTemplate":"https:\/\/transfereurope.com\/sk\/?s={search_term_string}"},"query-input":{"@type":"PropertyValueSpecification","valueRequired":true,"valueName":"search_term_string"}}],"inLanguage":"sk-SK"},{"@type":"Organization","@id":"https:\/\/transfereurope.com\/sk\/#organization","name":"transfereurope","url":"https:\/\/transfereurope.com\/sk\/","logo":{"@type":"ImageObject","inLanguage":"sk-SK","@id":"https:\/\/transfereurope.com\/sk\/#\/schema\/logo\/image\/","url":"https:\/\/transfereurope.com\/wp-content\/uploads\/2025\/08\/TRANSFERS-1655.png","contentUrl":"https:\/\/transfereurope.com\/wp-content\/uploads\/2025\/08\/TRANSFERS-1655.png","width":500,"height":274,"caption":"transfereurope"},"image":{"@id":"https:\/\/transfereurope.com\/sk\/#\/schema\/logo\/image\/"}}]}},"_links":{"self":[{"href":"https:\/\/transfereurope.com\/sk\/wp-json\/wp\/v2\/pages\/18348","targetHints":{"allow":["GET"]}}],"collection":[{"href":"https:\/\/transfereurope.com\/sk\/wp-json\/wp\/v2\/pages"}],"about":[{"href":"https:\/\/transfereurope.com\/sk\/wp-json\/wp\/v2\/types\/page"}],"author":[{"embeddable":true,"href":"https:\/\/transfereurope.com\/sk\/wp-json\/wp\/v2\/users\/1"}],"replies":[{"embeddable":true,"href":"https:\/\/transfereurope.com\/sk\/wp-json\/wp\/v2\/comments?post=18348"}],"version-history":[{"count":0,"href":"https:\/\/transfereurope.com\/sk\/wp-json\/wp\/v2\/pages\/18348\/revisions"}],"wp:featuredmedia":[{"embeddable":true,"href":"https:\/\/transfereurope.com\/sk\/wp-json\/wp\/v2\/media\/18349"}],"wp:attachment":[{"href":"https:\/\/transfereurope.com\/sk\/wp-json\/wp\/v2\/media?parent=18348"}],"curies":[{"name":"wp","href":"https:\/\/api.w.org\/{rel}","templated":true}]}}