{"id":18255,"date":"2025-08-04T19:33:25","date_gmt":"2025-08-04T19:33:25","guid":{"rendered":"https:\/\/transfereurope.com\/osobny-vodic\/"},"modified":"2025-08-04T19:33:25","modified_gmt":"2025-08-04T19:33:25","slug":"osobny-vodic","status":"publish","type":"page","link":"https:\/\/transfereurope.com\/sk\/osobny-vodic\/","title":{"rendered":"S\u00fakromn\u00fd \u0161of\u00e9rsky servis v Eur\u00f3pe"},"content":{"rendered":"\n<div id=\"t4-section-2\" class=\"t4-section  t4-section-2\" role=\"section-2\">\n<div class=\"bg-overlay bg-overlay-image\">&nbsp;<\/div>\n<div class=\"t4-section-inner container\">\n<div class=\"t4-section-inner section\" id=\"Mod550\">\n<div class=\"section-inner\">\n<div class=\"container\">\n<div class=\"section-title-wrap text-left\">\n<h1 class=\"section-title h2 text-normal\"><span>S\u00fakromn\u00fd \u0161of\u00e9rsky servis v Eur\u00f3pe<\/span><\/h1>\n<\/div>\n<\/div>\n<div class=\"section-ct\">\n<div class=\"categories-module mod-grid row\">\n<div class=\"col-12 col-sm-4\">\n<div class=\"item-wrap\"> \t\t\t<a href=\"\/sk\/osobny-vodic\/osobny-vodic-vo-viedni\" class=\"bg-intro\" style=\"background-image: url(\/images\/chauffeur-service-bratislava\/Vienna_Chauffeur_Service_1.png)\"><\/a> \t\t\t<\/p>\n<div class=\"item-inner\">\n<h3> \t\t\t\t\t<a href=\"\/sk\/osobny-vodic\/osobny-vodic-vo-viedni\"> \t\t\t\t\tOsobn\u00fd vodi\u010d vo Viedni\t\t\t\t\t<\/a> \t\t\t\t<\/h3>\n<\/p><\/div>\n<\/p><\/div>\n<\/p><\/div>\n<div class=\"col-12 col-sm-8\">\n<div class=\"item-wrap\"> \t\t\t<a href=\"\/sk\/osobny-vodic\/osobny-vodic-v-bratislave\" class=\"bg-intro\" style=\"background-image: url(\/images\/chauffeur-service-bratislava\/Chauffeur_Service_Bratislava_1.png)\"><\/a> \t\t\t<\/p>\n<div class=\"item-inner\">\n<h3> \t\t\t\t\t<a href=\"\/sk\/osobny-vodic\/osobny-vodic-v-bratislave\"> \t\t\t\t\tOsobn\u00fd vodi\u010d v Bratislave\t\t\t\t\t<\/a> \t\t\t\t<\/h3>\n<\/p><\/div>\n<\/p><\/div>\n<\/p><\/div>\n<div class=\"col-12 col-sm-4\">\n<div class=\"item-wrap\"> \t\t\t<a href=\"\/sk\/osobny-vodic\/osobny-vodic-v-budapesti\" class=\"bg-intro\" style=\"background-image: url(\/images\/chauffeur-service-bratislava\/Chauffeur_Service_Budapest_1.png)\"><\/a> \t\t\t<\/p>\n<div class=\"item-inner\">\n<h3> \t\t\t\t\t<a href=\"\/sk\/osobny-vodic\/osobny-vodic-v-budapesti\"> \t\t\t\t\tOsobn\u00fd vodi\u010d v Budape\u0161ti\t\t\t\t\t<\/a> \t\t\t\t<\/h3>\n<\/p><\/div>\n<\/p><\/div>\n<\/p><\/div>\n<div class=\"col-12 col-sm-4\">\n<div class=\"item-wrap\"> \t\t\t<a href=\"\/sk\/osobny-vodic\/osobny-vodic-v-prahe\" class=\"bg-intro\" style=\"background-image: url(\/images\/chauffeur-service-bratislava\/Chauffeur_Service_Prague_1.png)\"><\/a> \t\t\t<\/p>\n<div class=\"item-inner\">\n<h3> \t\t\t\t\t<a href=\"\/sk\/osobny-vodic\/osobny-vodic-v-prahe\"> \t\t\t\t\tOsobn\u00fd vodi\u010d v Prahe\t\t\t\t\t<\/a> \t\t\t\t<\/h3>\n<\/p><\/div>\n<\/p><\/div>\n<\/p><\/div>\n<div class=\"col-12 col-sm-4\">\n<div class=\"item-wrap\"> \t\t\t<a href=\"\/sk\/osobny-vodic\/osobny-vodic-v-brne\" class=\"bg-intro\" style=\"background-image: url(\/images\/chauffeur-service-bratislava\/Chauffeur_Service_Brno_1.png)\"><\/a> \t\t\t<\/p>\n<div class=\"item-inner\">\n<h3> \t\t\t\t\t<a href=\"\/sk\/osobny-vodic\/osobny-vodic-v-brne\"> \t\t\t\t\tOsobn\u00fd vodi\u010d v Brno\t\t\t\t\t<\/a> \t\t\t\t<\/h3>\n<\/p><\/div>\n<\/p><\/div>\n<\/p><\/div>\n<div class=\"col-12 col-sm-4\">\n<div class=\"item-wrap\"> \t\t\t<a href=\"\/sk\/osobny-vodic\/sukromny-vodic-do-parndorf-outlet\" class=\"bg-intro\" style=\"background-image: url(\/images\/chauffeur-service-bratislava\/Chauffeur_Service_Fashion_Outlet_Parndorf_1.png)\"><\/a> \t\t\t<\/p>\n<div class=\"item-inner\">\n<h3> \t\t\t\t\t<a href=\"\/sk\/osobny-vodic\/sukromny-vodic-do-parndorf-outlet\"> \t\t\t\t\tS\u00fakromn\u00fd vodi\u010d do Parndorf Outlet\t\t\t\t\t<\/a> \t\t\t\t<\/h3>\n<\/p><\/div>\n<\/p><\/div>\n<\/p><\/div>\n<div class=\"col-12 col-sm-4\">\n<div class=\"item-wrap\"> \t\t\t<a href=\"\/sk\/osobny-vodic\/osobny-vodic-v-drazdanoch\" class=\"bg-intro\" style=\"background-image: url(\/images\/chauffeur-service-bratislava\/Chauffeur_Service_Dresden_1.png)\"><\/a> \t\t\t<\/p>\n<div class=\"item-inner\">\n<h3> \t\t\t\t\t<a href=\"\/sk\/osobny-vodic\/osobny-vodic-v-drazdanoch\"> \t\t\t\t\tOsobn\u00fd vodi\u010d v Dr\u00e1\u017e\u010fanoch\t\t\t\t\t<\/a> \t\t\t\t<\/h3>\n<\/p><\/div>\n<\/p><\/div>\n<\/p><\/div>\n<div class=\"col-12 col-sm-4\">\n<div class=\"item-wrap\"> \t\t\t<a href=\"\/sk\/osobny-vodic\/rakuska-sluzba-sofera\" class=\"bg-intro\" style=\"background-image: url(\/images\/chauffeur-service-bratislava\/Austria_Chauffeur_Service_1.png)\"><\/a> \t\t\t<\/p>\n<div class=\"item-inner\">\n<h3> \t\t\t\t\t<a href=\"\/sk\/osobny-vodic\/rakuska-sluzba-sofera\"> \t\t\t\t\tRak\u00faska slu\u017eba \u0161of\u00e9ra\t\t\t\t\t<\/a> \t\t\t\t<\/h3>\n<\/p><\/div>\n<\/p><\/div>\n<\/p><\/div>\n<div class=\"col-12 col-sm-4\">\n<div class=\"item-wrap\"> \t\t\t<a href=\"\/sk\/osobny-vodic\/sluzba-soferov-na-slovensku\" class=\"bg-intro\" style=\"background-image: url(\/images\/chauffeur-service-bratislava\/Slovakia_Chauffeur_Service_1.png)\"><\/a> \t\t\t<\/p>\n<div class=\"item-inner\">\n<h3> \t\t\t\t\t<a href=\"\/sk\/osobny-vodic\/sluzba-soferov-na-slovensku\"> \t\t\t\t\tSlu\u017eba \u0161of\u00e9rov na Slovensku\t\t\t\t\t<\/a> \t\t\t\t<\/h3>\n<\/p><\/div>\n<\/p><\/div>\n<\/p><\/div>\n<\/p><\/div>\n<\/p><\/div>\n<\/div>\n<\/div>\n<\/div><\/div>\n<div id=\"t4-section-6\" class=\"t4-section  t4-section-6   container-hd  t4-palette-secondary\" role=\"section-6\">\n<div class=\"t4-section-inner container\">\n<div class=\"t4-section-inner section\" id=\"Mod551\">\n<div class=\"section-inner\">\n<div class=\"container\">\n<div class=\"section-title-wrap text-center\">\n<h2 class=\"section-title h2 text-white\"><span>Pr\u00e9miov\u00e1 prestupov\u00e1 jazda v Eur\u00f3pe so \u0161of\u00e9rom<\/span><\/h2>\n<\/div>\n<\/div>\n<div class=\"section-ct\">\n<div class=\"acm-features style-2\">\n<div class=\"container\">\n<div class=\"features-wrap\">\n<div class=\"row\">\n<div class=\"col-sm-12 col-md-6 col-lg-3\">\n<div class=\"features-item\">\n<div class=\"img-icon mask-icon\"> \t\t\t\t\t\t\t\t<img decoding=\"async\" src=\"\/wp-content\/uploads\/2025\/08\/take-you-to-the-airport-4.png\" alt=\"\" \/> \t\t\t\t\t\t\t<\/div>\n<div class=\"features-content\">\n<h3> \t\t\t\t\t\t\t\t\t\t\t\t\t\t\t\t\t\t\t<a class=\"heading-link\" href=\"#\"> \t\t\t\t\t\t\t\t\t \t\t\t\t\t\t\t\t\tDostanete na \u013eubovo\u013en\u00fa adresu \t\t\t\t\t\t\t\t\t\t\t\t\t\t\t\t\t\t\t<\/a> \t\t\t\t\t\t\t\t\t\t\t\t\t\t\t\t\t<\/h3>\n<p> \t\t\t\t\t\t\t\t\t\t\t\t\t\t \t\t\t\t\t\t\t\t\t\t\t\t\t\t\t<span>Autom s osobn\u00fdm vodi\u010dom sa dostanete na letisko, do svojho ob\u013e\u00faben\u00e9ho bodu v meste a medzi mestami.<\/span> \t\t\t\t\t\t\t\t\t\t\t\t\t<\/div>\n<\/p><\/div>\n<\/p><\/div>\n<div class=\"col-sm-12 col-md-6 col-lg-3\">\n<div class=\"features-item\">\n<div class=\"img-icon mask-icon\"> \t\t\t\t\t\t\t\t<img decoding=\"async\" src=\"\/wp-content\/uploads\/2025\/08\/meeting-driver-at-the-airport-4.png\" alt=\"\" \/> \t\t\t\t\t\t\t<\/div>\n<div class=\"features-content\">\n<h3> \t\t\t\t\t\t\t\t\t\t\t\t\t\t\t\t\t\t\t<a class=\"heading-link\" href=\"#\"> \t\t\t\t\t\t\t\t\t \t\t\t\t\t\t\t\t\tV\u00e1\u0161 \u0161of\u00e9r na letisku \t\t\t\t\t\t\t\t\t\t\t\t\t\t\t\t\t\t\t<\/a> \t\t\t\t\t\t\t\t\t\t\t\t\t\t\t\t\t<\/h3>\n<p> \t\t\t\t\t\t\t\t\t\t\t\t\t\t \t\t\t\t\t\t\t\t\t\t\t\t\t\t\t<span>Zozn\u00e1mte sa s vodi\u010dmi na letisku. Zbavenie vodi\u010da do 60 min\u00fat (\u010das) bez hotovosti.<\/span> \t\t\t\t\t\t\t\t\t\t\t\t\t<\/div>\n<\/p><\/div>\n<\/p><\/div>\n<div class=\"col-sm-12 col-md-6 col-lg-3\">\n<div class=\"features-item\">\n<div class=\"img-icon mask-icon\"> \t\t\t\t\t\t\t\t<img decoding=\"async\" src=\"\/wp-content\/uploads\/2025\/08\/professional-drivers-4.png\" alt=\"\" \/> \t\t\t\t\t\t\t<\/div>\n<div class=\"features-content\">\n<h3> \t\t\t\t\t\t\t\t\t\t\t\t\t\t\t\t\t\t\t<a class=\"heading-link\" href=\"#\"> \t\t\t\t\t\t\t\t\t \t\t\t\t\t\t\t\t\tHladk\u00e1 jazda \t\t\t\t\t\t\t\t\t\t\t\t\t\t\t\t\t\t\t<\/a> \t\t\t\t\t\t\t\t\t\t\t\t\t\t\t\t\t<\/h3>\n<p> \t\t\t\t\t\t\t\t\t\t\t\t\t\t \t\t\t\t\t\t\t\t\t\t\t\t\t\t\t<span>Profesion\u00e1lni vodi\u010di so \u0161peci\u00e1lnym \u0161kolen\u00edm v kurzoch bezpe\u010dnej jazdy.<\/span> \t\t\t\t\t\t\t\t\t\t\t\t\t<\/div>\n<\/p><\/div>\n<\/p><\/div>\n<div class=\"col-sm-12 col-md-6 col-lg-3\">\n<div class=\"features-item\">\n<div class=\"img-icon mask-icon\"> \t\t\t\t\t\t\t\t<img decoding=\"async\" src=\"\/wp-content\/uploads\/2025\/08\/arrive-at-the-appointed-place-4.png\" alt=\"\" \/> \t\t\t\t\t\t\t<\/div>\n<div class=\"features-content\">\n<h3> \t\t\t\t\t\t\t\t\t\t\t\t\t\t\t\t\t\t\t<a class=\"heading-link\" href=\"#\"> \t\t\t\t\t\t\t\t\t \t\t\t\t\t\t\t\t\tMalebn\u00e9 trasy \t\t\t\t\t\t\t\t\t\t\t\t\t\t\t\t\t\t\t<\/a> \t\t\t\t\t\t\t\t\t\t\t\t\t\t\t\t\t<\/h3>\n<p> \t\t\t\t\t\t\t\t\t\t\t\t\t\t \t\t\t\t\t\t\t\t\t\t\t\t\t\t\t<span>Pr\u00ed\u010fte na ur\u010den\u00e9 miesto v\u010das po t\u00fdch najkraj\u0161\u00edch tras\u00e1ch.<\/span> \t\t\t\t\t\t\t\t\t\t\t\t\t<\/div>\n<\/p><\/div>\n<\/p><\/div>\n<\/p><\/div>\n<\/p><\/div>\n<\/p><\/div>\n<\/p><\/div>\n<\/div>\n<\/div>\n<\/div>\n<\/div><\/div>\n<div class=\"t4-section\" role=\"\">\n<div class=\"t4-section-inner container\">\n<div id=\"system-message-container\"> \t<\/div>\n<div class=\"com-content-category-blog blog layout-view-tours-list\" itemscope itemtype=\"https:\/\/schema.org\/Blog\">\n<div class=\"com-content-category-blog__children cat-children\"> \t\t\t\t\t\t\t<!-- \n\n<h3> Podkateg\u00f3rie <\/h3>\n\n --> \t\t\t\t\t\t \t\t\t\t\t\t\t\t\t\t\t\t\t\t\t\t\t\t\t\t\t\t\t\t\t\t\t\t\t\t\t\t\t\t\t\t\t\t\t\t\t\t\t\t\t\t\t\t\t\t\t\t\t\t\t\t\t\t\t\t\t\t\t\t\t\t\t\t\t\t\t\t\t\t\t\t\t\t\t\t\t\t\t\t\t\t\t\t\t\t\t  <\/div>\n<p> \t\t\t\t<!-- \u041f\u043b\u0430\u0433\u0438\u043d \u0440\u0435\u0439\u0442\u0438\u043d\u0433\u0430 --> \t\t<\/p>\n<div class=\"vrvote-body\">\n<ul class=\"vrvote-ul\">\n<li id=\"rating_77\" class=\"current-rating\" style=\"width:99.13%;\"><\/li>\n<li> \t\t\t\t\t\t<a class=\"vr-one-star\" onclick=\"javascript:JSVRvote(77,1,114,23,0)\" href=\"javascript:void(null)\">1<\/a> \t\t\t\t\t<\/li>\n<li> \t\t\t\t\t\t<a class=\"vr-two-stars\" onclick=\"javascript:JSVRvote(77,2,114,23,0)\" href=\"javascript:void(null)\">2<\/a> \t\t\t\t\t<\/li>\n<li> \t\t\t\t\t\t<a class=\"vr-three-stars\" onclick=\"javascript:JSVRvote(77,3,114,23,0)\" href=\"javascript:void(null)\">3<\/a> \t\t\t\t\t<\/li>\n<li> \t\t\t\t\t\t<a class=\"vr-four-stars\" onclick=\"javascript:JSVRvote(77,4,114,23,0)\" href=\"javascript:void(null)\">4<\/a> \t\t\t\t\t<\/li>\n<li> \t\t\t\t\t\t<a class=\"vr-five-stars\" onclick=\"javascript:JSVRvote(77,5,114,23,0)\" href=\"javascript:void(null)\">5<\/a> \t\t\t\t\t<\/li>\n<\/ul><\/div>\n<p> \t\t\t<span id=\"vrvote_77\" class=\"vrvote-count\"><small><\/small><\/span>\t<\/span><\/div>\n<p> <script type=\"application\/ld+json\"><\/script>  <\/div>\n<\/p><\/div>\n<div id=\"t4-section-8\" class=\"t4-section  t4-section-8\" role=\"section-8\">\n<div class=\"bg-overlay bg-overlay-image\">&nbsp;<\/div>\n<\/p><\/div>\n<p>      <a href='javascript:' id='back-to-top'><i class='fa fa-chevron-up'><\/i><\/a>                <\/p>\n","protected":false},"excerpt":{"rendered":"<p>&nbsp; S\u00fakromn\u00fd \u0161of\u00e9rsky servis v Eur\u00f3pe Osobn\u00fd vodi\u010d vo Viedni Osobn\u00fd vodi\u010d v Bratislave Osobn\u00fd vodi\u010d v Budape\u0161ti Osobn\u00fd vodi\u010d v Prahe Osobn\u00fd vodi\u010d v Brno S\u00fakromn\u00fd vodi\u010d do Parndorf Outlet Osobn\u00fd vodi\u010d v Dr\u00e1\u017e\u010fanoch Rak\u00faska slu\u017eba \u0161of\u00e9ra Slu\u017eba \u0161of\u00e9rov na Slovensku Pr\u00e9miov\u00e1 prestupov\u00e1 jazda v Eur\u00f3pe so \u0161of\u00e9rom Dostanete na \u013eubovo\u013en\u00fa adresu Autom s [&hellip;]<\/p>\n","protected":false},"author":1,"featured_media":18256,"parent":0,"menu_order":0,"comment_status":"closed","ping_status":"closed","template":"","meta":{"footnotes":""},"class_list":["post-18255","page","type-page","status-publish","has-post-thumbnail","hentry"],"yoast_head":"<!-- This site is optimized with the Yoast SEO plugin v25.6 - https:\/\/yoast.com\/wordpress\/plugins\/seo\/ -->\n<title>Osobn\u00e1 slu\u017eba vodi\u010dov v Eur\u00f3pe. S\u00fakromn\u00fd \u0161of\u00e9rsky servis - Transfer Europe<\/title>\n<meta name=\"description\" content=\"Zarezervujte si v\u00e1\u0161 pr\u00e9miov\u00fd s\u00fakromn\u00fd \u0161of\u00e9rsky servis v celej Eur\u00f3pe. Slu\u017eba Osobn\u00fd vodi\u010d predstavuje pohodln\u00fa cestu medzi mestami s Transfer Europe \u2714Ve\u013ek\u00fd vozov\u00fd park \u2714Fixn\u00e1 cena \u2714Od dver\u00ed k dver\u00e1m.\" \/>\n<meta name=\"robots\" content=\"index, follow, max-snippet:-1, max-image-preview:large, max-video-preview:-1\" \/>\n<link rel=\"canonical\" href=\"https:\/\/transfereurope.com\/sk\/osobny-vodic\/\" \/>\n<meta property=\"og:locale\" content=\"sk_SK\" \/>\n<meta property=\"og:type\" content=\"article\" \/>\n<meta property=\"og:title\" content=\"Osobn\u00e1 slu\u017eba vodi\u010dov v Eur\u00f3pe. S\u00fakromn\u00fd \u0161of\u00e9rsky servis - Transfer Europe\" \/>\n<meta property=\"og:description\" content=\"Zarezervujte si v\u00e1\u0161 pr\u00e9miov\u00fd s\u00fakromn\u00fd \u0161of\u00e9rsky servis v celej Eur\u00f3pe. Slu\u017eba Osobn\u00fd vodi\u010d predstavuje pohodln\u00fa cestu medzi mestami s Transfer Europe \u2714Ve\u013ek\u00fd vozov\u00fd park \u2714Fixn\u00e1 cena \u2714Od dver\u00ed k dver\u00e1m.\" \/>\n<meta property=\"og:url\" content=\"https:\/\/transfereurope.com\/sk\/osobny-vodic\/\" \/>\n<meta property=\"og:site_name\" content=\"transfereurope\" \/>\n<meta property=\"og:image\" content=\"https:\/\/transfereurope.com\/wp-content\/uploads\/2025\/08\/whatsapp-254-1.png\" \/>\n\t<meta property=\"og:image:width\" content=\"512\" \/>\n\t<meta property=\"og:image:height\" content=\"512\" \/>\n\t<meta property=\"og:image:type\" content=\"image\/png\" \/>\n<meta name=\"twitter:card\" content=\"summary_large_image\" \/>\n<meta name=\"twitter:label1\" content=\"Predpokladan\u00fd \u010das \u010d\u00edtania\" \/>\n\t<meta name=\"twitter:data1\" content=\"1 min\u00fata\" \/>\n<script type=\"application\/ld+json\" class=\"yoast-schema-graph\">{\"@context\":\"https:\/\/schema.org\",\"@graph\":[{\"@type\":\"WebPage\",\"@id\":\"https:\/\/transfereurope.com\/sk\/osobny-vodic\/\",\"url\":\"https:\/\/transfereurope.com\/sk\/osobny-vodic\/\",\"name\":\"Osobn\u00e1 slu\u017eba vodi\u010dov v Eur\u00f3pe. S\u00fakromn\u00fd \u0161of\u00e9rsky servis - Transfer Europe\",\"isPartOf\":{\"@id\":\"https:\/\/transfereurope.com\/sk\/#website\"},\"primaryImageOfPage\":{\"@id\":\"https:\/\/transfereurope.com\/sk\/osobny-vodic\/#primaryimage\"},\"image\":{\"@id\":\"https:\/\/transfereurope.com\/sk\/osobny-vodic\/#primaryimage\"},\"thumbnailUrl\":\"https:\/\/transfereurope.com\/wp-content\/uploads\/2025\/08\/whatsapp-254-1.png\",\"datePublished\":\"2025-08-04T19:33:25+00:00\",\"description\":\"Zarezervujte si v\u00e1\u0161 pr\u00e9miov\u00fd s\u00fakromn\u00fd \u0161of\u00e9rsky servis v celej Eur\u00f3pe. Slu\u017eba Osobn\u00fd vodi\u010d predstavuje pohodln\u00fa cestu medzi mestami s Transfer Europe \u2714Ve\u013ek\u00fd vozov\u00fd park \u2714Fixn\u00e1 cena \u2714Od dver\u00ed k dver\u00e1m.\",\"breadcrumb\":{\"@id\":\"https:\/\/transfereurope.com\/sk\/osobny-vodic\/#breadcrumb\"},\"inLanguage\":\"sk-SK\",\"potentialAction\":[{\"@type\":\"ReadAction\",\"target\":[\"https:\/\/transfereurope.com\/sk\/osobny-vodic\/\"]}]},{\"@type\":\"ImageObject\",\"inLanguage\":\"sk-SK\",\"@id\":\"https:\/\/transfereurope.com\/sk\/osobny-vodic\/#primaryimage\",\"url\":\"https:\/\/transfereurope.com\/wp-content\/uploads\/2025\/08\/whatsapp-254-1.png\",\"contentUrl\":\"https:\/\/transfereurope.com\/wp-content\/uploads\/2025\/08\/whatsapp-254-1.png\",\"width\":512,\"height\":512},{\"@type\":\"BreadcrumbList\",\"@id\":\"https:\/\/transfereurope.com\/sk\/osobny-vodic\/#breadcrumb\",\"itemListElement\":[{\"@type\":\"ListItem\",\"position\":1,\"name\":\"Home\",\"item\":\"https:\/\/transfereurope.com\/sk\/\"},{\"@type\":\"ListItem\",\"position\":2,\"name\":\"S\u00fakromn\u00fd \u0161of\u00e9rsky servis v Eur\u00f3pe\"}]},{\"@type\":\"WebSite\",\"@id\":\"https:\/\/transfereurope.com\/sk\/#website\",\"url\":\"https:\/\/transfereurope.com\/sk\/\",\"name\":\"transfereurope\",\"description\":\"\",\"publisher\":{\"@id\":\"https:\/\/transfereurope.com\/sk\/#organization\"},\"potentialAction\":[{\"@type\":\"SearchAction\",\"target\":{\"@type\":\"EntryPoint\",\"urlTemplate\":\"https:\/\/transfereurope.com\/sk\/?s={search_term_string}\"},\"query-input\":{\"@type\":\"PropertyValueSpecification\",\"valueRequired\":true,\"valueName\":\"search_term_string\"}}],\"inLanguage\":\"sk-SK\"},{\"@type\":\"Organization\",\"@id\":\"https:\/\/transfereurope.com\/sk\/#organization\",\"name\":\"transfereurope\",\"url\":\"https:\/\/transfereurope.com\/sk\/\",\"logo\":{\"@type\":\"ImageObject\",\"inLanguage\":\"sk-SK\",\"@id\":\"https:\/\/transfereurope.com\/sk\/#\/schema\/logo\/image\/\",\"url\":\"https:\/\/transfereurope.com\/wp-content\/uploads\/2025\/08\/TRANSFERS-1655.png\",\"contentUrl\":\"https:\/\/transfereurope.com\/wp-content\/uploads\/2025\/08\/TRANSFERS-1655.png\",\"width\":500,\"height\":274,\"caption\":\"transfereurope\"},\"image\":{\"@id\":\"https:\/\/transfereurope.com\/sk\/#\/schema\/logo\/image\/\"}}]}<\/script>\n<!-- \/ Yoast SEO plugin. -->","yoast_head_json":{"title":"Osobn\u00e1 slu\u017eba vodi\u010dov v Eur\u00f3pe. S\u00fakromn\u00fd \u0161of\u00e9rsky servis - Transfer Europe","description":"Zarezervujte si v\u00e1\u0161 pr\u00e9miov\u00fd s\u00fakromn\u00fd \u0161of\u00e9rsky servis v celej Eur\u00f3pe. Slu\u017eba Osobn\u00fd vodi\u010d predstavuje pohodln\u00fa cestu medzi mestami s Transfer Europe \u2714Ve\u013ek\u00fd vozov\u00fd park \u2714Fixn\u00e1 cena \u2714Od dver\u00ed k dver\u00e1m.","robots":{"index":"index","follow":"follow","max-snippet":"max-snippet:-1","max-image-preview":"max-image-preview:large","max-video-preview":"max-video-preview:-1"},"canonical":"https:\/\/transfereurope.com\/sk\/osobny-vodic\/","og_locale":"sk_SK","og_type":"article","og_title":"Osobn\u00e1 slu\u017eba vodi\u010dov v Eur\u00f3pe. S\u00fakromn\u00fd \u0161of\u00e9rsky servis - Transfer Europe","og_description":"Zarezervujte si v\u00e1\u0161 pr\u00e9miov\u00fd s\u00fakromn\u00fd \u0161of\u00e9rsky servis v celej Eur\u00f3pe. Slu\u017eba Osobn\u00fd vodi\u010d predstavuje pohodln\u00fa cestu medzi mestami s Transfer Europe \u2714Ve\u013ek\u00fd vozov\u00fd park \u2714Fixn\u00e1 cena \u2714Od dver\u00ed k dver\u00e1m.","og_url":"https:\/\/transfereurope.com\/sk\/osobny-vodic\/","og_site_name":"transfereurope","og_image":[{"width":512,"height":512,"url":"https:\/\/transfereurope.com\/wp-content\/uploads\/2025\/08\/whatsapp-254-1.png","type":"image\/png"}],"twitter_card":"summary_large_image","twitter_misc":{"Predpokladan\u00fd \u010das \u010d\u00edtania":"1 min\u00fata"},"schema":{"@context":"https:\/\/schema.org","@graph":[{"@type":"WebPage","@id":"https:\/\/transfereurope.com\/sk\/osobny-vodic\/","url":"https:\/\/transfereurope.com\/sk\/osobny-vodic\/","name":"Osobn\u00e1 slu\u017eba vodi\u010dov v Eur\u00f3pe. S\u00fakromn\u00fd \u0161of\u00e9rsky servis - Transfer Europe","isPartOf":{"@id":"https:\/\/transfereurope.com\/sk\/#website"},"primaryImageOfPage":{"@id":"https:\/\/transfereurope.com\/sk\/osobny-vodic\/#primaryimage"},"image":{"@id":"https:\/\/transfereurope.com\/sk\/osobny-vodic\/#primaryimage"},"thumbnailUrl":"https:\/\/transfereurope.com\/wp-content\/uploads\/2025\/08\/whatsapp-254-1.png","datePublished":"2025-08-04T19:33:25+00:00","description":"Zarezervujte si v\u00e1\u0161 pr\u00e9miov\u00fd s\u00fakromn\u00fd \u0161of\u00e9rsky servis v celej Eur\u00f3pe. Slu\u017eba Osobn\u00fd vodi\u010d predstavuje pohodln\u00fa cestu medzi mestami s Transfer Europe \u2714Ve\u013ek\u00fd vozov\u00fd park \u2714Fixn\u00e1 cena \u2714Od dver\u00ed k dver\u00e1m.","breadcrumb":{"@id":"https:\/\/transfereurope.com\/sk\/osobny-vodic\/#breadcrumb"},"inLanguage":"sk-SK","potentialAction":[{"@type":"ReadAction","target":["https:\/\/transfereurope.com\/sk\/osobny-vodic\/"]}]},{"@type":"ImageObject","inLanguage":"sk-SK","@id":"https:\/\/transfereurope.com\/sk\/osobny-vodic\/#primaryimage","url":"https:\/\/transfereurope.com\/wp-content\/uploads\/2025\/08\/whatsapp-254-1.png","contentUrl":"https:\/\/transfereurope.com\/wp-content\/uploads\/2025\/08\/whatsapp-254-1.png","width":512,"height":512},{"@type":"BreadcrumbList","@id":"https:\/\/transfereurope.com\/sk\/osobny-vodic\/#breadcrumb","itemListElement":[{"@type":"ListItem","position":1,"name":"Home","item":"https:\/\/transfereurope.com\/sk\/"},{"@type":"ListItem","position":2,"name":"S\u00fakromn\u00fd \u0161of\u00e9rsky servis v Eur\u00f3pe"}]},{"@type":"WebSite","@id":"https:\/\/transfereurope.com\/sk\/#website","url":"https:\/\/transfereurope.com\/sk\/","name":"transfereurope","description":"","publisher":{"@id":"https:\/\/transfereurope.com\/sk\/#organization"},"potentialAction":[{"@type":"SearchAction","target":{"@type":"EntryPoint","urlTemplate":"https:\/\/transfereurope.com\/sk\/?s={search_term_string}"},"query-input":{"@type":"PropertyValueSpecification","valueRequired":true,"valueName":"search_term_string"}}],"inLanguage":"sk-SK"},{"@type":"Organization","@id":"https:\/\/transfereurope.com\/sk\/#organization","name":"transfereurope","url":"https:\/\/transfereurope.com\/sk\/","logo":{"@type":"ImageObject","inLanguage":"sk-SK","@id":"https:\/\/transfereurope.com\/sk\/#\/schema\/logo\/image\/","url":"https:\/\/transfereurope.com\/wp-content\/uploads\/2025\/08\/TRANSFERS-1655.png","contentUrl":"https:\/\/transfereurope.com\/wp-content\/uploads\/2025\/08\/TRANSFERS-1655.png","width":500,"height":274,"caption":"transfereurope"},"image":{"@id":"https:\/\/transfereurope.com\/sk\/#\/schema\/logo\/image\/"}}]}},"_links":{"self":[{"href":"https:\/\/transfereurope.com\/sk\/wp-json\/wp\/v2\/pages\/18255","targetHints":{"allow":["GET"]}}],"collection":[{"href":"https:\/\/transfereurope.com\/sk\/wp-json\/wp\/v2\/pages"}],"about":[{"href":"https:\/\/transfereurope.com\/sk\/wp-json\/wp\/v2\/types\/page"}],"author":[{"embeddable":true,"href":"https:\/\/transfereurope.com\/sk\/wp-json\/wp\/v2\/users\/1"}],"replies":[{"embeddable":true,"href":"https:\/\/transfereurope.com\/sk\/wp-json\/wp\/v2\/comments?post=18255"}],"version-history":[{"count":0,"href":"https:\/\/transfereurope.com\/sk\/wp-json\/wp\/v2\/pages\/18255\/revisions"}],"wp:featuredmedia":[{"embeddable":true,"href":"https:\/\/transfereurope.com\/sk\/wp-json\/wp\/v2\/media\/18256"}],"wp:attachment":[{"href":"https:\/\/transfereurope.com\/sk\/wp-json\/wp\/v2\/media?parent=18255"}],"curies":[{"name":"wp","href":"https:\/\/api.w.org\/{rel}","templated":true}]}}