{"id":18156,"date":"2025-08-04T19:33:02","date_gmt":"2025-08-04T19:33:02","guid":{"rendered":"https:\/\/transfereurope.com\/lyziarske-transfery\/"},"modified":"2025-08-04T19:33:02","modified_gmt":"2025-08-04T19:33:02","slug":"lyziarske-transfery","status":"publish","type":"page","link":"https:\/\/transfereurope.com\/sk\/lyziarske-transfery\/","title":{"rendered":"Lyziarske transfery v Eur\u00f3pe"},"content":{"rendered":"\n<div id=\"t4-section-2\" class=\"t4-section  t4-section-2\" role=\"section-2\">\n<div class=\"bg-overlay bg-overlay-image\">&nbsp;<\/div>\n<div class=\"t4-section-inner container\">\n<div class=\"t4-section-inner section\" id=\"Mod585\">\n<div class=\"section-inner\">\n<div class=\"container\">\n<div class=\"section-title-wrap text-left\">\n<h1 class=\"section-title h2 text-normal\"><span>Lyziarske transfery v Eur\u00f3pe<\/span><\/h1>\n<\/div>\n<\/div>\n<div class=\"section-ct\">\n<div class=\"categories-module mod-grid row\">\n<div class=\"col-12 col-sm-4\">\n<div class=\"item-wrap\"> \t\t\t<a href=\"\/sk\/lyziarske-transfery\/transfer-do-lyziarskych-stredisk-vo-viedni\" class=\"bg-intro\" style=\"background-image: url(\/images\/ski-resorts\/vienna-ski-resorts-transfer.png)\"><\/a> \t\t\t<\/p>\n<div class=\"item-inner\">\n<h3> \t\t\t\t\t<a href=\"\/sk\/lyziarske-transfery\/transfer-do-lyziarskych-stredisk-vo-viedni\"> \t\t\t\t\tTransfery do ly\u017eiarskych stred\u00edsk vo Viedni\t\t\t\t\t<\/a> \t\t\t\t<\/h3>\n<\/p><\/div>\n<\/p><\/div>\n<\/p><\/div>\n<div class=\"col-12 col-sm-8\">\n<div class=\"item-wrap\"> \t\t\t<a href=\"\/sk\/lyziarske-transfery\/transfer-do-lyziarskych-stredisk-v-bratislave\" class=\"bg-intro\" style=\"background-image: url(\/images\/ski-resorts\/bratislava-ski-resorts-transfers.png)\"><\/a> \t\t\t<\/p>\n<div class=\"item-inner\">\n<h3> \t\t\t\t\t<a href=\"\/sk\/lyziarske-transfery\/transfer-do-lyziarskych-stredisk-v-bratislave\"> \t\t\t\t\tTransfery do ly\u017eiarskych stred\u00edsk v Bratislave\t\t\t\t\t<\/a> \t\t\t\t<\/h3>\n<\/p><\/div>\n<\/p><\/div>\n<\/p><\/div>\n<div class=\"col-12 col-sm-4\">\n<div class=\"item-wrap\"> \t\t\t<a href=\"\/sk\/lyziarske-transfery\/transfery-z-letiska-krakov-do-lyziarskych-stredisk\" class=\"bg-intro\" style=\"background-image: url(\/images\/ski-resorts\/krakow-ski-resorts.png)\"><\/a> \t\t\t<\/p>\n<div class=\"item-inner\">\n<h3> \t\t\t\t\t<a href=\"\/sk\/lyziarske-transfery\/transfery-z-letiska-krakov-do-lyziarskych-stredisk\"> \t\t\t\t\tTransfery do ly\u017eiarskych stred\u00edsk v Krakove\t\t\t\t\t<\/a> \t\t\t\t<\/h3>\n<\/p><\/div>\n<\/p><\/div>\n<\/p><\/div>\n<div class=\"col-12 col-sm-4\">\n<div class=\"item-wrap\"> \t\t\t<a href=\"\/sk\/lyziarske-transfery\/transfery-do-lyziarskych-stredisk-v-innsbrucku\" class=\"bg-intro\" style=\"background-image: url(\/images\/ski-resorts\/Innsbruck_Airport_Transfers_to_Ski_Resorts.png)\"><\/a> \t\t\t<\/p>\n<div class=\"item-inner\">\n<h3> \t\t\t\t\t<a href=\"\/sk\/lyziarske-transfery\/transfery-do-lyziarskych-stredisk-v-innsbrucku\"> \t\t\t\t\tLy\u017eiarske stredisk\u00e1 v Innsbrucku\t\t\t\t\t<\/a> \t\t\t\t<\/h3>\n<\/p><\/div>\n<\/p><\/div>\n<\/p><\/div>\n<div class=\"col-12 col-sm-4\">\n<div class=\"item-wrap\"> \t\t\t<a href=\"\/sk\/lyziarske-transfery\/transfery-z-letiska-katowice-do-lyziarskych-stredisk\" class=\"bg-intro\" style=\"background-image: url(\/images\/ski-resorts\/Katowice\/Katowice_Airport_to_Zieleniec_Ski_Transfer_Service.png)\"><\/a> \t\t\t<\/p>\n<div class=\"item-inner\">\n<h3> \t\t\t\t\t<a href=\"\/sk\/lyziarske-transfery\/transfery-z-letiska-katowice-do-lyziarskych-stredisk\"> \t\t\t\t\tLy\u017eiarske stredisk\u00e1 v Katowice\t\t\t\t\t<\/a> \t\t\t\t<\/h3>\n<\/p><\/div>\n<\/p><\/div>\n<\/p><\/div>\n<div class=\"col-12 col-sm-4\">\n<div class=\"item-wrap\"> \t\t\t<a href=\"\/sk\/lyziarske-transfery\/transfery-do-lyziarskych-stredisk-z-letiska-zeneva\" class=\"bg-intro\" style=\"background-image: url(\/images\/geneva-airport-ski-resorts-transfers.png)\"><\/a> \t\t\t<\/p>\n<div class=\"item-inner\">\n<h3> \t\t\t\t\t<a href=\"\/sk\/lyziarske-transfery\/transfery-do-lyziarskych-stredisk-z-letiska-zeneva\"> \t\t\t\t\tTransfery do ly\u017eiarskych stred\u00edsk z letiska \u017deneva\t\t\t\t\t<\/a> \t\t\t\t<\/h3>\n<\/p><\/div>\n<\/p><\/div>\n<\/p><\/div>\n<div class=\"col-12 col-sm-4\">\n<div class=\"item-wrap\"> \t\t\t<a href=\"\/sk\/lyziarske-transfery\/milan-malpensa\" class=\"bg-intro\" style=\"background-image: url(\/images\/ski-resorts\/vienna-ski-resorts-transfer.png)\"><\/a> \t\t\t<\/p>\n<div class=\"item-inner\">\n<h3> \t\t\t\t\t<a href=\"\/sk\/lyziarske-transfery\/milan-malpensa\"> \t\t\t\t\tTransfery do ly\u017eiarskych stred\u00edsk v Mil\u00e1ne\t\t\t\t\t<\/a> \t\t\t\t<\/h3>\n<\/p><\/div>\n<\/p><\/div>\n<\/p><\/div>\n<\/p><\/div>\n<\/p><\/div>\n<\/div>\n<\/div>\n<\/div><\/div>\n<div class=\"t4-section\" role=\"\">\n<div class=\"t4-section-inner container\">\n<div id=\"system-message-container\"> \t<\/div>\n<div class=\"com-content-category-blog blog layout-view-tours-list\" itemscope itemtype=\"https:\/\/schema.org\/Blog\"> \t \t \t \t \t \t\t\t\t \t \t \t \t\t\t\t<!-- \u041f\u043b\u0430\u0433\u0438\u043d \u0440\u0435\u0439\u0442\u0438\u043d\u0433\u0430 --> \t\t<\/p>\n<div class=\"vrvote-body\">\n<ul class=\"vrvote-ul\">\n<li id=\"rating_194\" class=\"current-rating\" style=\"width:97.78%;\"><\/li>\n<li> \t\t\t\t\t\t<a class=\"vr-one-star\" onclick=\"javascript:JSVRvote(194,1,44,9,0)\" href=\"javascript:void(null)\">1<\/a> \t\t\t\t\t<\/li>\n<li> \t\t\t\t\t\t<a class=\"vr-two-stars\" onclick=\"javascript:JSVRvote(194,2,44,9,0)\" href=\"javascript:void(null)\">2<\/a> \t\t\t\t\t<\/li>\n<li> \t\t\t\t\t\t<a class=\"vr-three-stars\" onclick=\"javascript:JSVRvote(194,3,44,9,0)\" href=\"javascript:void(null)\">3<\/a> \t\t\t\t\t<\/li>\n<li> \t\t\t\t\t\t<a class=\"vr-four-stars\" onclick=\"javascript:JSVRvote(194,4,44,9,0)\" href=\"javascript:void(null)\">4<\/a> \t\t\t\t\t<\/li>\n<li> \t\t\t\t\t\t<a class=\"vr-five-stars\" onclick=\"javascript:JSVRvote(194,5,44,9,0)\" href=\"javascript:void(null)\">5<\/a> \t\t\t\t\t<\/li>\n<\/ul><\/div>\n<p> \t\t\t<span id=\"vrvote_194\" class=\"vrvote-count\"><small><\/small><\/span>\t<\/span><\/div>\n<p> <script type=\"application\/ld+json\"><\/script>  <\/div>\n<\/p><\/div>\n<div id=\"t4-section-8\" class=\"t4-section  t4-section-8\" role=\"section-8\">\n<div class=\"bg-overlay bg-overlay-image\">&nbsp;<\/div>\n<\/p><\/div>\n<p>      <a href='javascript:' id='back-to-top'><i class='fa fa-chevron-up'><\/i><\/a>                <\/p>\n","protected":false},"excerpt":{"rendered":"<p>&nbsp; Lyziarske transfery v Eur\u00f3pe Transfery do ly\u017eiarskych stred\u00edsk vo Viedni Transfery do ly\u017eiarskych stred\u00edsk v Bratislave Transfery do ly\u017eiarskych stred\u00edsk v Krakove Ly\u017eiarske stredisk\u00e1 v Innsbrucku Ly\u017eiarske stredisk\u00e1 v Katowice Transfery do ly\u017eiarskych stred\u00edsk z letiska \u017deneva Transfery do ly\u017eiarskych stred\u00edsk v Mil\u00e1ne 1 2 3 4 5 &nbsp;<\/p>\n","protected":false},"author":1,"featured_media":18157,"parent":0,"menu_order":0,"comment_status":"closed","ping_status":"closed","template":"","meta":{"footnotes":""},"class_list":["post-18156","page","type-page","status-publish","has-post-thumbnail","hentry"],"yoast_head":"<!-- This site is optimized with the Yoast SEO plugin v25.6 - https:\/\/yoast.com\/wordpress\/plugins\/seo\/ -->\n<title>Short Transfer Ski Resorts in Europe<\/title>\n<meta name=\"description\" content=\"Embark on Alpine Escapes with Effortless Journeys. Discover Top Short Transfer Ski Resorts in Europe for Exquisite Adventures \u260e\u202c+421 940 904 184\" \/>\n<meta name=\"robots\" content=\"index, follow, max-snippet:-1, max-image-preview:large, max-video-preview:-1\" \/>\n<link rel=\"canonical\" href=\"https:\/\/transfereurope.com\/sk\/lyziarske-transfery\/\" \/>\n<meta property=\"og:locale\" content=\"sk_SK\" \/>\n<meta property=\"og:type\" content=\"article\" \/>\n<meta property=\"og:title\" content=\"Short Transfer Ski Resorts in Europe\" \/>\n<meta property=\"og:description\" content=\"Embark on Alpine Escapes with Effortless Journeys. Discover Top Short Transfer Ski Resorts in Europe for Exquisite Adventures \u260e\u202c+421 940 904 184\" \/>\n<meta property=\"og:url\" content=\"https:\/\/transfereurope.com\/sk\/lyziarske-transfery\/\" \/>\n<meta property=\"og:site_name\" content=\"transfereurope\" \/>\n<meta property=\"og:image\" content=\"https:\/\/transfereurope.com\/wp-content\/uploads\/2025\/08\/whatsapp-251-1.png\" \/>\n\t<meta property=\"og:image:width\" content=\"512\" \/>\n\t<meta property=\"og:image:height\" content=\"512\" \/>\n\t<meta property=\"og:image:type\" content=\"image\/png\" \/>\n<meta name=\"twitter:card\" content=\"summary_large_image\" \/>\n<script type=\"application\/ld+json\" class=\"yoast-schema-graph\">{\"@context\":\"https:\/\/schema.org\",\"@graph\":[{\"@type\":\"WebPage\",\"@id\":\"https:\/\/transfereurope.com\/sk\/lyziarske-transfery\/\",\"url\":\"https:\/\/transfereurope.com\/sk\/lyziarske-transfery\/\",\"name\":\"Short Transfer Ski Resorts in Europe\",\"isPartOf\":{\"@id\":\"https:\/\/transfereurope.com\/sk\/#website\"},\"primaryImageOfPage\":{\"@id\":\"https:\/\/transfereurope.com\/sk\/lyziarske-transfery\/#primaryimage\"},\"image\":{\"@id\":\"https:\/\/transfereurope.com\/sk\/lyziarske-transfery\/#primaryimage\"},\"thumbnailUrl\":\"https:\/\/transfereurope.com\/wp-content\/uploads\/2025\/08\/whatsapp-251-1.png\",\"datePublished\":\"2025-08-04T19:33:02+00:00\",\"description\":\"Embark on Alpine Escapes with Effortless Journeys. Discover Top Short Transfer Ski Resorts in Europe for Exquisite Adventures \u260e\u202c+421 940 904 184\",\"breadcrumb\":{\"@id\":\"https:\/\/transfereurope.com\/sk\/lyziarske-transfery\/#breadcrumb\"},\"inLanguage\":\"sk-SK\",\"potentialAction\":[{\"@type\":\"ReadAction\",\"target\":[\"https:\/\/transfereurope.com\/sk\/lyziarske-transfery\/\"]}]},{\"@type\":\"ImageObject\",\"inLanguage\":\"sk-SK\",\"@id\":\"https:\/\/transfereurope.com\/sk\/lyziarske-transfery\/#primaryimage\",\"url\":\"https:\/\/transfereurope.com\/wp-content\/uploads\/2025\/08\/whatsapp-251-1.png\",\"contentUrl\":\"https:\/\/transfereurope.com\/wp-content\/uploads\/2025\/08\/whatsapp-251-1.png\",\"width\":512,\"height\":512},{\"@type\":\"BreadcrumbList\",\"@id\":\"https:\/\/transfereurope.com\/sk\/lyziarske-transfery\/#breadcrumb\",\"itemListElement\":[{\"@type\":\"ListItem\",\"position\":1,\"name\":\"Home\",\"item\":\"https:\/\/transfereurope.com\/sk\/\"},{\"@type\":\"ListItem\",\"position\":2,\"name\":\"Lyziarske transfery v Eur\u00f3pe\"}]},{\"@type\":\"WebSite\",\"@id\":\"https:\/\/transfereurope.com\/sk\/#website\",\"url\":\"https:\/\/transfereurope.com\/sk\/\",\"name\":\"transfereurope\",\"description\":\"\",\"publisher\":{\"@id\":\"https:\/\/transfereurope.com\/sk\/#organization\"},\"potentialAction\":[{\"@type\":\"SearchAction\",\"target\":{\"@type\":\"EntryPoint\",\"urlTemplate\":\"https:\/\/transfereurope.com\/sk\/?s={search_term_string}\"},\"query-input\":{\"@type\":\"PropertyValueSpecification\",\"valueRequired\":true,\"valueName\":\"search_term_string\"}}],\"inLanguage\":\"sk-SK\"},{\"@type\":\"Organization\",\"@id\":\"https:\/\/transfereurope.com\/sk\/#organization\",\"name\":\"transfereurope\",\"url\":\"https:\/\/transfereurope.com\/sk\/\",\"logo\":{\"@type\":\"ImageObject\",\"inLanguage\":\"sk-SK\",\"@id\":\"https:\/\/transfereurope.com\/sk\/#\/schema\/logo\/image\/\",\"url\":\"https:\/\/transfereurope.com\/wp-content\/uploads\/2025\/08\/TRANSFERS-1655.png\",\"contentUrl\":\"https:\/\/transfereurope.com\/wp-content\/uploads\/2025\/08\/TRANSFERS-1655.png\",\"width\":500,\"height\":274,\"caption\":\"transfereurope\"},\"image\":{\"@id\":\"https:\/\/transfereurope.com\/sk\/#\/schema\/logo\/image\/\"}}]}<\/script>\n<!-- \/ Yoast SEO plugin. -->","yoast_head_json":{"title":"Short Transfer Ski Resorts in Europe","description":"Embark on Alpine Escapes with Effortless Journeys. Discover Top Short Transfer Ski Resorts in Europe for Exquisite Adventures \u260e\u202c+421 940 904 184","robots":{"index":"index","follow":"follow","max-snippet":"max-snippet:-1","max-image-preview":"max-image-preview:large","max-video-preview":"max-video-preview:-1"},"canonical":"https:\/\/transfereurope.com\/sk\/lyziarske-transfery\/","og_locale":"sk_SK","og_type":"article","og_title":"Short Transfer Ski Resorts in Europe","og_description":"Embark on Alpine Escapes with Effortless Journeys. Discover Top Short Transfer Ski Resorts in Europe for Exquisite Adventures \u260e\u202c+421 940 904 184","og_url":"https:\/\/transfereurope.com\/sk\/lyziarske-transfery\/","og_site_name":"transfereurope","og_image":[{"width":512,"height":512,"url":"https:\/\/transfereurope.com\/wp-content\/uploads\/2025\/08\/whatsapp-251-1.png","type":"image\/png"}],"twitter_card":"summary_large_image","schema":{"@context":"https:\/\/schema.org","@graph":[{"@type":"WebPage","@id":"https:\/\/transfereurope.com\/sk\/lyziarske-transfery\/","url":"https:\/\/transfereurope.com\/sk\/lyziarske-transfery\/","name":"Short Transfer Ski Resorts in Europe","isPartOf":{"@id":"https:\/\/transfereurope.com\/sk\/#website"},"primaryImageOfPage":{"@id":"https:\/\/transfereurope.com\/sk\/lyziarske-transfery\/#primaryimage"},"image":{"@id":"https:\/\/transfereurope.com\/sk\/lyziarske-transfery\/#primaryimage"},"thumbnailUrl":"https:\/\/transfereurope.com\/wp-content\/uploads\/2025\/08\/whatsapp-251-1.png","datePublished":"2025-08-04T19:33:02+00:00","description":"Embark on Alpine Escapes with Effortless Journeys. Discover Top Short Transfer Ski Resorts in Europe for Exquisite Adventures \u260e\u202c+421 940 904 184","breadcrumb":{"@id":"https:\/\/transfereurope.com\/sk\/lyziarske-transfery\/#breadcrumb"},"inLanguage":"sk-SK","potentialAction":[{"@type":"ReadAction","target":["https:\/\/transfereurope.com\/sk\/lyziarske-transfery\/"]}]},{"@type":"ImageObject","inLanguage":"sk-SK","@id":"https:\/\/transfereurope.com\/sk\/lyziarske-transfery\/#primaryimage","url":"https:\/\/transfereurope.com\/wp-content\/uploads\/2025\/08\/whatsapp-251-1.png","contentUrl":"https:\/\/transfereurope.com\/wp-content\/uploads\/2025\/08\/whatsapp-251-1.png","width":512,"height":512},{"@type":"BreadcrumbList","@id":"https:\/\/transfereurope.com\/sk\/lyziarske-transfery\/#breadcrumb","itemListElement":[{"@type":"ListItem","position":1,"name":"Home","item":"https:\/\/transfereurope.com\/sk\/"},{"@type":"ListItem","position":2,"name":"Lyziarske transfery v Eur\u00f3pe"}]},{"@type":"WebSite","@id":"https:\/\/transfereurope.com\/sk\/#website","url":"https:\/\/transfereurope.com\/sk\/","name":"transfereurope","description":"","publisher":{"@id":"https:\/\/transfereurope.com\/sk\/#organization"},"potentialAction":[{"@type":"SearchAction","target":{"@type":"EntryPoint","urlTemplate":"https:\/\/transfereurope.com\/sk\/?s={search_term_string}"},"query-input":{"@type":"PropertyValueSpecification","valueRequired":true,"valueName":"search_term_string"}}],"inLanguage":"sk-SK"},{"@type":"Organization","@id":"https:\/\/transfereurope.com\/sk\/#organization","name":"transfereurope","url":"https:\/\/transfereurope.com\/sk\/","logo":{"@type":"ImageObject","inLanguage":"sk-SK","@id":"https:\/\/transfereurope.com\/sk\/#\/schema\/logo\/image\/","url":"https:\/\/transfereurope.com\/wp-content\/uploads\/2025\/08\/TRANSFERS-1655.png","contentUrl":"https:\/\/transfereurope.com\/wp-content\/uploads\/2025\/08\/TRANSFERS-1655.png","width":500,"height":274,"caption":"transfereurope"},"image":{"@id":"https:\/\/transfereurope.com\/sk\/#\/schema\/logo\/image\/"}}]}},"_links":{"self":[{"href":"https:\/\/transfereurope.com\/sk\/wp-json\/wp\/v2\/pages\/18156","targetHints":{"allow":["GET"]}}],"collection":[{"href":"https:\/\/transfereurope.com\/sk\/wp-json\/wp\/v2\/pages"}],"about":[{"href":"https:\/\/transfereurope.com\/sk\/wp-json\/wp\/v2\/types\/page"}],"author":[{"embeddable":true,"href":"https:\/\/transfereurope.com\/sk\/wp-json\/wp\/v2\/users\/1"}],"replies":[{"embeddable":true,"href":"https:\/\/transfereurope.com\/sk\/wp-json\/wp\/v2\/comments?post=18156"}],"version-history":[{"count":0,"href":"https:\/\/transfereurope.com\/sk\/wp-json\/wp\/v2\/pages\/18156\/revisions"}],"wp:featuredmedia":[{"embeddable":true,"href":"https:\/\/transfereurope.com\/sk\/wp-json\/wp\/v2\/media\/18157"}],"wp:attachment":[{"href":"https:\/\/transfereurope.com\/sk\/wp-json\/wp\/v2\/media?parent=18156"}],"curies":[{"name":"wp","href":"https:\/\/api.w.org\/{rel}","templated":true}]}}