{"id":18078,"date":"2025-08-04T19:32:32","date_gmt":"2025-08-04T19:32:32","guid":{"rendered":"https:\/\/transfereurope.com\/destinacie\/"},"modified":"2025-08-04T19:32:32","modified_gmt":"2025-08-04T19:32:32","slug":"destinacie","status":"publish","type":"page","link":"https:\/\/transfereurope.com\/sk\/destinacie\/","title":{"rendered":"Destin\u00e1cie"},"content":{"rendered":"\n<div id=\"t4-section-2\" class=\"t4-section  t4-section-2\" role=\"section-2\">\n<div class=\"bg-overlay bg-overlay-image\">&nbsp;<\/div>\n<div class=\"t4-section-inner container\">\n<div class=\"t4-section-inner section\" id=\"Mod254\">\n<div class=\"section-inner\">\n<div class=\"container\">\n<div class=\"section-title-wrap text-left\">\n<h1 class=\"section-title h2 text-normal\"><span>Destin\u00e1cie<\/span><\/h1>\n<\/div>\n<\/div>\n<div class=\"section-ct\">\n<div class=\"categories-module mod-grid row\">\n<div class=\"col-12 col-sm-4\">\n<div class=\"item-wrap\"> \t\t\t<a href=\"\/sk\/destinacie\/vieden\" class=\"bg-intro\" style=\"background-image: url(\/images\/slovak\/destinacie\/viedenska-destinacia.jpg)\"><\/a> \t\t\t<\/p>\n<div class=\"item-inner\">\n<h3> \t\t\t\t\t<a href=\"\/sk\/destinacie\/vieden\"> \t\t\t\t\tViede\u0148\t\t\t\t\t<\/a> \t\t\t\t<\/h3>\n<\/p><\/div>\n<\/p><\/div>\n<\/p><\/div>\n<div class=\"col-12 col-sm-8\">\n<div class=\"item-wrap\"> \t\t\t<a href=\"\/sk\/destinacie\/bratislava\" class=\"bg-intro\" style=\"background-image: url(\/images\/slovak\/destinacie\/destincia-bratislava.jpg)\"><\/a> \t\t\t<\/p>\n<div class=\"item-inner\">\n<h3> \t\t\t\t\t<a href=\"\/sk\/destinacie\/bratislava\"> \t\t\t\t\tBratislava\t\t\t\t\t<\/a> \t\t\t\t<\/h3>\n<\/p><\/div>\n<\/p><\/div>\n<\/p><\/div>\n<div class=\"col-12 col-sm-4\">\n<div class=\"item-wrap\"> \t\t\t<a href=\"\/sk\/destinacie\/budapest\" class=\"bg-intro\" style=\"background-image: url(\/images\/slovak\/destinacie\/budapest-destincia.jpg)\"><\/a> \t\t\t<\/p>\n<div class=\"item-inner\">\n<h3> \t\t\t\t\t<a href=\"\/sk\/destinacie\/budapest\"> \t\t\t\t\tBudape\u0161\u0165\t\t\t\t\t<\/a> \t\t\t\t<\/h3>\n<\/p><\/div>\n<\/p><\/div>\n<\/p><\/div>\n<div class=\"col-12 col-sm-4\">\n<div class=\"item-wrap\"> \t\t\t<a href=\"\/sk\/destinacie\/praha\" class=\"bg-intro\" style=\"background-image: url(\/images\/slovak\/destinacie\/prazsk-destincia.jpg)\"><\/a> \t\t\t<\/p>\n<div class=\"item-inner\">\n<h3> \t\t\t\t\t<a href=\"\/sk\/destinacie\/praha\"> \t\t\t\t\tPraha\t\t\t\t\t<\/a> \t\t\t\t<\/h3>\n<\/p><\/div>\n<\/p><\/div>\n<\/p><\/div>\n<div class=\"col-12 col-sm-4\">\n<div class=\"item-wrap\"> \t\t\t<a href=\"\/sk\/destinacie\/brno\" class=\"bg-intro\" style=\"background-image: url(\/images\/slovak\/destinacie\/destincia-brno.jpg)\"><\/a> \t\t\t<\/p>\n<div class=\"item-inner\">\n<h3> \t\t\t\t\t<a href=\"\/sk\/destinacie\/brno\"> \t\t\t\t\tBrno\t\t\t\t\t<\/a> \t\t\t\t<\/h3>\n<\/p><\/div>\n<\/p><\/div>\n<\/p><\/div>\n<div class=\"col-12 col-sm-4\">\n<div class=\"item-wrap\"> \t\t\t<a href=\"\/sk\/destinacie\/dresden\" class=\"bg-intro\" style=\"background-image: url(\/images\/slovak\/destinacie\/drezden-destinacie.jpg)\"><\/a> \t\t\t<\/p>\n<div class=\"item-inner\">\n<h3> \t\t\t\t\t<a href=\"\/sk\/destinacie\/dresden\"> \t\t\t\t\tDr\u00e1\u017e\u010fany\t\t\t\t\t<\/a> \t\t\t\t<\/h3>\n<\/p><\/div>\n<\/p><\/div>\n<\/p><\/div>\n<div class=\"col-12 col-sm-4\">\n<div class=\"item-wrap\"> \t\t\t<a href=\"\/sk\/destinacie\/salzburg\" class=\"bg-intro\" style=\"background-image: url(\/images\/russkij\/napravleniya\/transfer-zaltsburg.jpg)\"><\/a> \t\t\t<\/p>\n<div class=\"item-inner\">\n<h3> \t\t\t\t\t<a href=\"\/sk\/destinacie\/salzburg\"> \t\t\t\t\tSalzburg\t\t\t\t\t<\/a> \t\t\t\t<\/h3>\n<\/p><\/div>\n<\/p><\/div>\n<\/p><\/div>\n<div class=\"col-12 col-sm-4\">\n<div class=\"item-wrap\"> \t\t\t<a href=\"\/sk\/destinacie\/krakov\" class=\"bg-intro\" style=\"background-image: url(\/images\/russkij\/napravleniya\/transfer-krakow.jpg)\"><\/a> \t\t\t<\/p>\n<div class=\"item-inner\">\n<h3> \t\t\t\t\t<a href=\"\/sk\/destinacie\/krakov\"> \t\t\t\t\tKrakov\t\t\t\t\t<\/a> \t\t\t\t<\/h3>\n<\/p><\/div>\n<\/p><\/div>\n<\/p><\/div>\n<div class=\"col-12 col-sm-4\">\n<div class=\"item-wrap\"> \t\t\t<a href=\"\/sk\/destinacie\/varsava\" class=\"bg-intro\" style=\"background-image: url(\/images\/russkij\/napravleniya\/transfer-warsaw.jpg)\"><\/a> \t\t\t<\/p>\n<div class=\"item-inner\">\n<h3> \t\t\t\t\t<a href=\"\/sk\/destinacie\/varsava\"> \t\t\t\t\tVar\u0161ava\t\t\t\t\t<\/a> \t\t\t\t<\/h3>\n<\/p><\/div>\n<\/p><\/div>\n<\/p><\/div>\n<div class=\"col-12 col-sm-4\">\n<div class=\"item-wrap\"> \t\t\t<a href=\"\/sk\/destinacie\/lublana\" class=\"bg-intro\" style=\"background-image: url(\/images\/russkij\/napravleniya\/ljubljana-transfer.jpg)\"><\/a> \t\t\t<\/p>\n<div class=\"item-inner\">\n<h3> \t\t\t\t\t<a href=\"\/sk\/destinacie\/lublana\"> \t\t\t\t\t\u013dub\u013eana\t\t\t\t\t<\/a> \t\t\t\t<\/h3>\n<\/p><\/div>\n<\/p><\/div>\n<\/p><\/div>\n<div class=\"col-12 col-sm-4\">\n<div class=\"item-wrap\"> \t\t\t<a href=\"\/sk\/destinacie\/halstat\" class=\"bg-intro\" style=\"background-image: url(\/images\/destinations\/transfer-galshtat.jpg)\"><\/a> \t\t\t<\/p>\n<div class=\"item-inner\">\n<h3> \t\t\t\t\t<a href=\"\/sk\/destinacie\/halstat\"> \t\t\t\t\tHal\u0161tat\t\t\t\t\t<\/a> \t\t\t\t<\/h3>\n<\/p><\/div>\n<\/p><\/div>\n<\/p><\/div>\n<\/p><\/div>\n<\/p><\/div>\n<\/div>\n<\/div>\n<\/div><\/div>\n<div id=\"t4-section-3\" class=\"t4-section  t4-section-3   py-0\">\n<div id=\"acm-features-255\" class=\"acm-features style-3\">\n<div class=\"container\">\n<div class=\"row\">\n<div class=\"col-lg-6 col-md-12 col-sm-12\">\n<div class=\"ft-image\">\n<div class=\"img-feature\">  \t\t\t\t\t\t\t<img decoding=\"async\" src=\"\/wp-content\/uploads\/2025\/08\/najlepsie-destinacie-europe-4.jpg\" alt=\"Najlep\u0161ie destin\u00e1cie v Eur\u00f3pe\"\/>  \t\t\t\t\t\t<\/div>\n<\/p><\/div>\n<\/p><\/div>\n<div class=\"col-lg-6 col-md-12 col-sm-12\">\n<div class=\"ft-content\">\n<h3>\n<h2>Najlep\u0161ie destin\u00e1cie v Eur\u00f3pe<\/h2>\n<\/h3>\n<p>    \t\t\t\t\t \t\t\t\t\t\tTransfer Europe je pohodln\u00fd zdroj na rezerv\u00e1ciu transferov, ktor\u00e9 cestuj\u00facich prepravia do najkraj\u0161\u00edch miest strednej Eur\u00f3py po najlep\u0161\u00edch cie\u013eoch a tras\u00e1ch. Teraz, ke\u010f pl\u00e1nujete dovolenku alebo slu\u017eobn\u00fa cestu, m\u00f4\u017eete pou\u017ei\u0165 na\u0161u webov\u00fa str\u00e1nku a zvoli\u0165 si optim\u00e1lny a pohodln\u00fd cie\u013e pre v\u00e1s v Eur\u00f3pe. Pon\u00fakame transferov\u00e9 slu\u017eby do nasleduj\u00facich miest: <\/p>\n<ul>\n<li>Praha<\/li>\n<li>Bratislava<\/li>\n<li>Budape\u0161\u0165<\/li>\n<li>Viede\u0148 <\/li>\n<li>Brno<\/li>\n<li>Dr\u00e1\u017e\u010fany<\/li>\n<\/ul>\n<p> Tieto mest\u00e1 s\u00fa najlep\u0161\u00edm miestom v Eur\u00f3pe na n\u00e1v\u0161tevu alebo op\u00e4tovn\u00fa n\u00e1v\u0161tevu.  Trasy pozd\u013a\u017e t\u00fdchto miest s\u00fa najbezpe\u010dnej\u0161ie, architektonicky najbohat\u0161ie a najkraj\u0161ie miesta v Eur\u00f3pe. <\/p>\n<h3>Transferov\u00e9 slu\u017eby po najlep\u0161\u00edch tras\u00e1ch v Eur\u00f3pe<\/h3>\n<p> Transfer Europe pon\u00faka pre svoje prevody kvalitn\u00fa slu\u017ebu. Vo ve\u013ekom vozovom parku si m\u00f4\u017eete zvoli\u0165 typ automobilu, v ktorom sa budete c\u00edti\u0165 pohodlne. Profesion\u00e1lni vodi\u010di v\u00e1s bez me\u0161kania alebo prestojov odvez\u00fa z letiska do \u013eubovo\u013en\u00e9ho mesta pod\u013ea v\u00e1\u0161ho v\u00fdberu po najlep\u0161\u00edch tras\u00e1ch v Eur\u00f3pe.   Cena za prestup do najlep\u0161\u00edch eur\u00f3pskych destin\u00e1ci\u00ed z\u00e1vis\u00ed od zvolen\u00e9ho automobilu, typu cesty a \u010dasu cesty. Ak chcete z\u00edska\u0165 podrobn\u00e9 inform\u00e1cie o navrhovan\u00fdch tras\u00e1ch v Eur\u00f3pe, zavolajte na telef\u00f3nne \u010d\u00edslo uveden\u00e9 na webovej str\u00e1nke, po\u0161lite \u017eiados\u0165 na n\u00e1\u0161 e-mail alebo kontaktujte konzultantov prostredn\u00edctvom poslov WhatsApp alebo Telegram. \t\t\t\t\t   \t\t\t\t\t \t\t\t\t<\/p><\/div>\n<\/p><\/div>\n<\/p><\/div>\n<\/p><\/div>\n<\/p><\/div>\n<p>    <script><\/script><\/div>\n<div class=\"t4-section\" role=\"\">\n<div class=\"t4-section-inner container\">\n<div id=\"system-message-container\"> \t<\/div>\n<div class=\"com-content-category-blog blog layout-view-tours-list\" itemscope itemtype=\"https:\/\/schema.org\/Blog\"> \t \t \t \t \t \t\t\t\t \t \t \t \t\t\t\t<!-- \u041f\u043b\u0430\u0433\u0438\u043d \u0440\u0435\u0439\u0442\u0438\u043d\u0433\u0430 --> \t\t<\/p>\n<div class=\"vrvote-body\">\n<ul class=\"vrvote-ul\">\n<li id=\"rating_71\" class=\"current-rating\" style=\"width:97.86%;\"><\/li>\n<li> \t\t\t\t\t\t<a class=\"vr-one-star\" onclick=\"javascript:JSVRvote(71,1,137,28,0)\" href=\"javascript:void(null)\">1<\/a> \t\t\t\t\t<\/li>\n<li> \t\t\t\t\t\t<a class=\"vr-two-stars\" onclick=\"javascript:JSVRvote(71,2,137,28,0)\" href=\"javascript:void(null)\">2<\/a> \t\t\t\t\t<\/li>\n<li> \t\t\t\t\t\t<a class=\"vr-three-stars\" onclick=\"javascript:JSVRvote(71,3,137,28,0)\" href=\"javascript:void(null)\">3<\/a> \t\t\t\t\t<\/li>\n<li> \t\t\t\t\t\t<a class=\"vr-four-stars\" onclick=\"javascript:JSVRvote(71,4,137,28,0)\" href=\"javascript:void(null)\">4<\/a> \t\t\t\t\t<\/li>\n<li> \t\t\t\t\t\t<a class=\"vr-five-stars\" onclick=\"javascript:JSVRvote(71,5,137,28,0)\" href=\"javascript:void(null)\">5<\/a> \t\t\t\t\t<\/li>\n<\/ul><\/div>\n<p> \t\t\t<span id=\"vrvote_71\" class=\"vrvote-count\"><small><\/small><\/span>\t<\/span><\/div>\n<p> <script type=\"application\/ld+json\"><\/script>  <\/div>\n<\/p><\/div>\n<div id=\"t4-section-8\" class=\"t4-section  t4-section-8\" role=\"section-8\">\n<div class=\"bg-overlay bg-overlay-image\">&nbsp;<\/div>\n<\/p><\/div>\n<p>      <a href='javascript:' id='back-to-top'><i class='fa fa-chevron-up'><\/i><\/a>                <\/p>\n","protected":false},"excerpt":{"rendered":"<p>&nbsp; Destin\u00e1cie Viede\u0148 Bratislava Budape\u0161\u0165 Praha Brno Dr\u00e1\u017e\u010fany Salzburg Krakov Var\u0161ava \u013dub\u013eana Hal\u0161tat Najlep\u0161ie destin\u00e1cie v Eur\u00f3pe Transfer Europe je pohodln\u00fd zdroj na rezerv\u00e1ciu transferov, ktor\u00e9 cestuj\u00facich prepravia do najkraj\u0161\u00edch miest strednej Eur\u00f3py po najlep\u0161\u00edch cie\u013eoch a tras\u00e1ch. Teraz, ke\u010f pl\u00e1nujete dovolenku alebo slu\u017eobn\u00fa cestu, m\u00f4\u017eete pou\u017ei\u0165 na\u0161u webov\u00fa str\u00e1nku a zvoli\u0165 si optim\u00e1lny a [&hellip;]<\/p>\n","protected":false},"author":1,"featured_media":18079,"parent":0,"menu_order":0,"comment_status":"closed","ping_status":"closed","template":"","meta":{"footnotes":""},"class_list":["post-18078","page","type-page","status-publish","has-post-thumbnail","hentry"],"yoast_head":"<!-- This site is optimized with the Yoast SEO plugin v25.6 - https:\/\/yoast.com\/wordpress\/plugins\/seo\/ -->\n<title>Najlep\u0161ie destin\u00e1cie v strednej Eur\u00f3pe \u2014 Transfer Europe<\/title>\n<meta name=\"description\" content=\"Najlep\u0161ie miesta v Eur\u00f3pe: Praha, Budape\u0161\u0165, Viede\u0148, Bratislava. S Transfer Europe \u2714 Ve\u013ek\u00fd vozov\u00fd park \u2714 Profesion\u00e1lni vodi\u010di \u260e+421 951 460 615\" \/>\n<meta name=\"robots\" content=\"index, follow, max-snippet:-1, max-image-preview:large, max-video-preview:-1\" \/>\n<link rel=\"canonical\" href=\"https:\/\/transfereurope.com\/sk\/destinacie\/\" \/>\n<meta property=\"og:locale\" content=\"sk_SK\" \/>\n<meta property=\"og:type\" content=\"article\" \/>\n<meta property=\"og:title\" content=\"Najlep\u0161ie destin\u00e1cie v strednej Eur\u00f3pe \u2014 Transfer Europe\" \/>\n<meta property=\"og:description\" content=\"Najlep\u0161ie miesta v Eur\u00f3pe: Praha, Budape\u0161\u0165, Viede\u0148, Bratislava. S Transfer Europe \u2714 Ve\u013ek\u00fd vozov\u00fd park \u2714 Profesion\u00e1lni vodi\u010di \u260e+421 951 460 615\" \/>\n<meta property=\"og:url\" content=\"https:\/\/transfereurope.com\/sk\/destinacie\/\" \/>\n<meta property=\"og:site_name\" content=\"transfereurope\" \/>\n<meta property=\"og:image\" content=\"https:\/\/transfereurope.com\/wp-content\/uploads\/2025\/08\/najlepsie-destinacie-europe-4-1.jpg\" \/>\n\t<meta property=\"og:image:width\" content=\"1080\" \/>\n\t<meta property=\"og:image:height\" content=\"1920\" \/>\n\t<meta property=\"og:image:type\" content=\"image\/jpeg\" \/>\n<meta name=\"twitter:card\" content=\"summary_large_image\" \/>\n<meta name=\"twitter:label1\" content=\"Predpokladan\u00fd \u010das \u010d\u00edtania\" \/>\n\t<meta name=\"twitter:data1\" content=\"1 min\u00fata\" \/>\n<script type=\"application\/ld+json\" class=\"yoast-schema-graph\">{\"@context\":\"https:\/\/schema.org\",\"@graph\":[{\"@type\":\"WebPage\",\"@id\":\"https:\/\/transfereurope.com\/sk\/destinacie\/\",\"url\":\"https:\/\/transfereurope.com\/sk\/destinacie\/\",\"name\":\"Najlep\u0161ie destin\u00e1cie v strednej Eur\u00f3pe \u2014 Transfer Europe\",\"isPartOf\":{\"@id\":\"https:\/\/transfereurope.com\/sk\/#website\"},\"primaryImageOfPage\":{\"@id\":\"https:\/\/transfereurope.com\/sk\/destinacie\/#primaryimage\"},\"image\":{\"@id\":\"https:\/\/transfereurope.com\/sk\/destinacie\/#primaryimage\"},\"thumbnailUrl\":\"https:\/\/transfereurope.com\/wp-content\/uploads\/2025\/08\/najlepsie-destinacie-europe-4-1.jpg\",\"datePublished\":\"2025-08-04T19:32:32+00:00\",\"description\":\"Najlep\u0161ie miesta v Eur\u00f3pe: Praha, Budape\u0161\u0165, Viede\u0148, Bratislava. S Transfer Europe \u2714 Ve\u013ek\u00fd vozov\u00fd park \u2714 Profesion\u00e1lni vodi\u010di \u260e+421 951 460 615\",\"breadcrumb\":{\"@id\":\"https:\/\/transfereurope.com\/sk\/destinacie\/#breadcrumb\"},\"inLanguage\":\"sk-SK\",\"potentialAction\":[{\"@type\":\"ReadAction\",\"target\":[\"https:\/\/transfereurope.com\/sk\/destinacie\/\"]}]},{\"@type\":\"ImageObject\",\"inLanguage\":\"sk-SK\",\"@id\":\"https:\/\/transfereurope.com\/sk\/destinacie\/#primaryimage\",\"url\":\"https:\/\/transfereurope.com\/wp-content\/uploads\/2025\/08\/najlepsie-destinacie-europe-4-1.jpg\",\"contentUrl\":\"https:\/\/transfereurope.com\/wp-content\/uploads\/2025\/08\/najlepsie-destinacie-europe-4-1.jpg\",\"width\":1080,\"height\":1920},{\"@type\":\"BreadcrumbList\",\"@id\":\"https:\/\/transfereurope.com\/sk\/destinacie\/#breadcrumb\",\"itemListElement\":[{\"@type\":\"ListItem\",\"position\":1,\"name\":\"Home\",\"item\":\"https:\/\/transfereurope.com\/sk\/\"},{\"@type\":\"ListItem\",\"position\":2,\"name\":\"Destin\u00e1cie\"}]},{\"@type\":\"WebSite\",\"@id\":\"https:\/\/transfereurope.com\/sk\/#website\",\"url\":\"https:\/\/transfereurope.com\/sk\/\",\"name\":\"transfereurope\",\"description\":\"\",\"publisher\":{\"@id\":\"https:\/\/transfereurope.com\/sk\/#organization\"},\"potentialAction\":[{\"@type\":\"SearchAction\",\"target\":{\"@type\":\"EntryPoint\",\"urlTemplate\":\"https:\/\/transfereurope.com\/sk\/?s={search_term_string}\"},\"query-input\":{\"@type\":\"PropertyValueSpecification\",\"valueRequired\":true,\"valueName\":\"search_term_string\"}}],\"inLanguage\":\"sk-SK\"},{\"@type\":\"Organization\",\"@id\":\"https:\/\/transfereurope.com\/sk\/#organization\",\"name\":\"transfereurope\",\"url\":\"https:\/\/transfereurope.com\/sk\/\",\"logo\":{\"@type\":\"ImageObject\",\"inLanguage\":\"sk-SK\",\"@id\":\"https:\/\/transfereurope.com\/sk\/#\/schema\/logo\/image\/\",\"url\":\"https:\/\/transfereurope.com\/wp-content\/uploads\/2025\/08\/TRANSFERS-1655.png\",\"contentUrl\":\"https:\/\/transfereurope.com\/wp-content\/uploads\/2025\/08\/TRANSFERS-1655.png\",\"width\":500,\"height\":274,\"caption\":\"transfereurope\"},\"image\":{\"@id\":\"https:\/\/transfereurope.com\/sk\/#\/schema\/logo\/image\/\"}}]}<\/script>\n<!-- \/ Yoast SEO plugin. -->","yoast_head_json":{"title":"Najlep\u0161ie destin\u00e1cie v strednej Eur\u00f3pe \u2014 Transfer Europe","description":"Najlep\u0161ie miesta v Eur\u00f3pe: Praha, Budape\u0161\u0165, Viede\u0148, Bratislava. S Transfer Europe \u2714 Ve\u013ek\u00fd vozov\u00fd park \u2714 Profesion\u00e1lni vodi\u010di \u260e+421 951 460 615","robots":{"index":"index","follow":"follow","max-snippet":"max-snippet:-1","max-image-preview":"max-image-preview:large","max-video-preview":"max-video-preview:-1"},"canonical":"https:\/\/transfereurope.com\/sk\/destinacie\/","og_locale":"sk_SK","og_type":"article","og_title":"Najlep\u0161ie destin\u00e1cie v strednej Eur\u00f3pe \u2014 Transfer Europe","og_description":"Najlep\u0161ie miesta v Eur\u00f3pe: Praha, Budape\u0161\u0165, Viede\u0148, Bratislava. S Transfer Europe \u2714 Ve\u013ek\u00fd vozov\u00fd park \u2714 Profesion\u00e1lni vodi\u010di \u260e+421 951 460 615","og_url":"https:\/\/transfereurope.com\/sk\/destinacie\/","og_site_name":"transfereurope","og_image":[{"width":1080,"height":1920,"url":"https:\/\/transfereurope.com\/wp-content\/uploads\/2025\/08\/najlepsie-destinacie-europe-4-1.jpg","type":"image\/jpeg"}],"twitter_card":"summary_large_image","twitter_misc":{"Predpokladan\u00fd \u010das \u010d\u00edtania":"1 min\u00fata"},"schema":{"@context":"https:\/\/schema.org","@graph":[{"@type":"WebPage","@id":"https:\/\/transfereurope.com\/sk\/destinacie\/","url":"https:\/\/transfereurope.com\/sk\/destinacie\/","name":"Najlep\u0161ie destin\u00e1cie v strednej Eur\u00f3pe \u2014 Transfer Europe","isPartOf":{"@id":"https:\/\/transfereurope.com\/sk\/#website"},"primaryImageOfPage":{"@id":"https:\/\/transfereurope.com\/sk\/destinacie\/#primaryimage"},"image":{"@id":"https:\/\/transfereurope.com\/sk\/destinacie\/#primaryimage"},"thumbnailUrl":"https:\/\/transfereurope.com\/wp-content\/uploads\/2025\/08\/najlepsie-destinacie-europe-4-1.jpg","datePublished":"2025-08-04T19:32:32+00:00","description":"Najlep\u0161ie miesta v Eur\u00f3pe: Praha, Budape\u0161\u0165, Viede\u0148, Bratislava. S Transfer Europe \u2714 Ve\u013ek\u00fd vozov\u00fd park \u2714 Profesion\u00e1lni vodi\u010di \u260e+421 951 460 615","breadcrumb":{"@id":"https:\/\/transfereurope.com\/sk\/destinacie\/#breadcrumb"},"inLanguage":"sk-SK","potentialAction":[{"@type":"ReadAction","target":["https:\/\/transfereurope.com\/sk\/destinacie\/"]}]},{"@type":"ImageObject","inLanguage":"sk-SK","@id":"https:\/\/transfereurope.com\/sk\/destinacie\/#primaryimage","url":"https:\/\/transfereurope.com\/wp-content\/uploads\/2025\/08\/najlepsie-destinacie-europe-4-1.jpg","contentUrl":"https:\/\/transfereurope.com\/wp-content\/uploads\/2025\/08\/najlepsie-destinacie-europe-4-1.jpg","width":1080,"height":1920},{"@type":"BreadcrumbList","@id":"https:\/\/transfereurope.com\/sk\/destinacie\/#breadcrumb","itemListElement":[{"@type":"ListItem","position":1,"name":"Home","item":"https:\/\/transfereurope.com\/sk\/"},{"@type":"ListItem","position":2,"name":"Destin\u00e1cie"}]},{"@type":"WebSite","@id":"https:\/\/transfereurope.com\/sk\/#website","url":"https:\/\/transfereurope.com\/sk\/","name":"transfereurope","description":"","publisher":{"@id":"https:\/\/transfereurope.com\/sk\/#organization"},"potentialAction":[{"@type":"SearchAction","target":{"@type":"EntryPoint","urlTemplate":"https:\/\/transfereurope.com\/sk\/?s={search_term_string}"},"query-input":{"@type":"PropertyValueSpecification","valueRequired":true,"valueName":"search_term_string"}}],"inLanguage":"sk-SK"},{"@type":"Organization","@id":"https:\/\/transfereurope.com\/sk\/#organization","name":"transfereurope","url":"https:\/\/transfereurope.com\/sk\/","logo":{"@type":"ImageObject","inLanguage":"sk-SK","@id":"https:\/\/transfereurope.com\/sk\/#\/schema\/logo\/image\/","url":"https:\/\/transfereurope.com\/wp-content\/uploads\/2025\/08\/TRANSFERS-1655.png","contentUrl":"https:\/\/transfereurope.com\/wp-content\/uploads\/2025\/08\/TRANSFERS-1655.png","width":500,"height":274,"caption":"transfereurope"},"image":{"@id":"https:\/\/transfereurope.com\/sk\/#\/schema\/logo\/image\/"}}]}},"_links":{"self":[{"href":"https:\/\/transfereurope.com\/sk\/wp-json\/wp\/v2\/pages\/18078","targetHints":{"allow":["GET"]}}],"collection":[{"href":"https:\/\/transfereurope.com\/sk\/wp-json\/wp\/v2\/pages"}],"about":[{"href":"https:\/\/transfereurope.com\/sk\/wp-json\/wp\/v2\/types\/page"}],"author":[{"embeddable":true,"href":"https:\/\/transfereurope.com\/sk\/wp-json\/wp\/v2\/users\/1"}],"replies":[{"embeddable":true,"href":"https:\/\/transfereurope.com\/sk\/wp-json\/wp\/v2\/comments?post=18078"}],"version-history":[{"count":0,"href":"https:\/\/transfereurope.com\/sk\/wp-json\/wp\/v2\/pages\/18078\/revisions"}],"wp:featuredmedia":[{"embeddable":true,"href":"https:\/\/transfereurope.com\/sk\/wp-json\/wp\/v2\/media\/18079"}],"wp:attachment":[{"href":"https:\/\/transfereurope.com\/sk\/wp-json\/wp\/v2\/media?parent=18078"}],"curies":[{"name":"wp","href":"https:\/\/api.w.org\/{rel}","templated":true}]}}