{"id":114573,"date":"2025-10-15T20:37:01","date_gmt":"2025-10-15T20:37:01","guid":{"rendered":"https:\/\/transfereurope.com\/?page_id=114573"},"modified":"2025-10-15T20:48:03","modified_gmt":"2025-10-15T20:48:03","slug":"milan-malpensa","status":"publish","type":"page","link":"https:\/\/transfereurope.com\/sk\/lyziarske-transfery\/milan-malpensa\/","title":{"rendered":"Ly\u017eiarske stredisk\u00e1 v Mil\u00e1ne"},"content":{"rendered":"<div id=\"t4-masthead\" class=\"t4-section  t4-masthead\"> <div class=\"t4-col text-center\"> <div class=\"ja-masthead\" > <div class=\"ja-masthead-detail\">                 <!---->            <\/p> <div class=\"block-breadcrumb\">                       <\/div> <\/p><\/div> <\/p><\/div> <pre><\/pre> <\/div> <\/div> <div id=\"t4-main-body\" class=\"t4-section  t4-main-body\" role=\"main body\"> <div class=\"t4-section-inner container\"> <div class=\"t4-row row\"> <div class=\"t4-col col-12 col-xl\"> <div id=\"system-message-container\"> \t<\/div>     <div class=\"com-content-category-blog blog layout-view-tours-list\">\n        <div class=\"browse-view\">\n\n            <div class=\"page-subheader clearfix\">\n                <h1 class=\"page-subtitle\">\n                    <span class=\"subheading-category\">Ly\u017eiarske stredisk\u00e1 v Mil\u00e1ne<\/span>\n                <\/h1>\n            <\/div>\n\n                            <div class=\"items-row cols-2 row-0 row\">\n                                            <div class=\"col-12 col-lg-6\">\n                            <div class=\"item\" data-vm=\"product-container\">\n                                <figure class=\"pull-right item-image\">\n                                    <a title=\"Ly\u017eiarsky transfer Malpensa Gressoney\" href=\"https:\/\/transfereurope.com\/sk\/lyziarske-transfery\/milan-malpensa\/gressoney\/\">\n                                        <img decoding=\"async\" class=\"browseProductImage\" loading=\"lazy\" src=\"https:\/\/transfereurope.com\/wp-content\/uploads\/2025\/08\/What-are-the-Benefits-of-a-Chauffeur-Service-in-Milan-31-1-300x200.jpg\" alt=\"Ly\u017eiarsky transfer Malpensa Gressoney\">\n                                    <\/a>\n                                    <figcaption class=\"caption\">Ly\u017eiarsky transfer Malpensa Gressoney<\/figcaption>\n                                <\/figure>\n\n                                <div class=\"item-content\">\n                                    <div class=\"category-article-dot\">\n                                        <div class=\"category-name\">\n                                            <a href=\"https:\/\/transfereurope.com\/sk\/lyziarske-transfery\/milan-malpensa\/\" itemprop=\"genre\">\n                                                Ly\u017eiarske stredisk\u00e1 v Mil\u00e1ne                                            <\/a>\n                                        <\/div>\n                                    <\/div>\n                                    <div class=\"page-header\">\n                                        <h2 itemprop=\"headline\">\n                                            <a href=\"https:\/\/transfereurope.com\/sk\/lyziarske-transfery\/milan-malpensa\/gressoney\/\" itemprop=\"url\">\n                                                Ly\u017eiarsky transfer Malpensa Gressoney                                            <\/a>\n                                        <\/h2>\n                                    <\/div>\n                                    <div class=\"text-danger tour-price\">\n                                        <a href=\"https:\/\/transfereurope.com\/sk\/lyziarske-transfery\/milan-malpensa\/gressoney\/#rezervovat-transfer\">Booking<\/a>\n                                    <\/div>\n                                <\/div>\n                            <\/div>\n                        <\/div>\n                                            <div class=\"col-12 col-lg-6\">\n                            <div class=\"item\" data-vm=\"product-container\">\n                                <figure class=\"pull-right item-image\">\n                                    <a title=\"Milan Malpensa do Courmayeur Transfer\" href=\"https:\/\/transfereurope.com\/sk\/lyziarske-transfery\/milan-malpensa\/courmayeur\/\">\n                                        <img decoding=\"async\" class=\"browseProductImage\" loading=\"lazy\" src=\"https:\/\/transfereurope.com\/wp-content\/uploads\/2025\/08\/milan-malpensa-ski-transfers-7-1-300x250.jpg\" alt=\"Milan Malpensa do Courmayeur Transfer\">\n                                    <\/a>\n                                    <figcaption class=\"caption\">Milan Malpensa do Courmayeur Transfer<\/figcaption>\n                                <\/figure>\n\n                                <div class=\"item-content\">\n                                    <div class=\"category-article-dot\">\n                                        <div class=\"category-name\">\n                                            <a href=\"https:\/\/transfereurope.com\/sk\/lyziarske-transfery\/milan-malpensa\/\" itemprop=\"genre\">\n                                                Ly\u017eiarske stredisk\u00e1 v Mil\u00e1ne                                            <\/a>\n                                        <\/div>\n                                    <\/div>\n                                    <div class=\"page-header\">\n                                        <h2 itemprop=\"headline\">\n                                            <a href=\"https:\/\/transfereurope.com\/sk\/lyziarske-transfery\/milan-malpensa\/courmayeur\/\" itemprop=\"url\">\n                                                Milan Malpensa do Courmayeur Transfer                                            <\/a>\n                                        <\/h2>\n                                    <\/div>\n                                    <div class=\"text-danger tour-price\">\n                                        <a href=\"https:\/\/transfereurope.com\/sk\/lyziarske-transfery\/milan-malpensa\/courmayeur\/#rezervovat-transfer\">Booking<\/a>\n                                    <\/div>\n                                <\/div>\n                            <\/div>\n                        <\/div>\n                                        <div class=\"clear\"><\/div>\n                <\/div>\n                                <div class=\"items-row cols-2 row-0 row\">\n                                            <div class=\"col-12 col-lg-6\">\n                            <div class=\"item\" data-vm=\"product-container\">\n                                <figure class=\"pull-right item-image\">\n                                    <a title=\"Ly\u017eiarsky transfer z Malpensy Zermatt Transfer\" href=\"https:\/\/transfereurope.com\/sk\/lyziarske-transfery\/milan-malpensa\/zermatt\/\">\n                                        <img decoding=\"async\" class=\"browseProductImage\" loading=\"lazy\" src=\"https:\/\/transfereurope.com\/wp-content\/uploads\/2025\/08\/What-are-the-Benefits-of-a-Chauffeur-Service-in-Milan-34-1-300x200.jpg\" alt=\"Ly\u017eiarsky transfer z Malpensy Zermatt Transfer\">\n                                    <\/a>\n                                    <figcaption class=\"caption\">Ly\u017eiarsky transfer z Malpensy Zermatt Transfer<\/figcaption>\n                                <\/figure>\n\n                                <div class=\"item-content\">\n                                    <div class=\"category-article-dot\">\n                                        <div class=\"category-name\">\n                                            <a href=\"https:\/\/transfereurope.com\/sk\/lyziarske-transfery\/milan-malpensa\/\" itemprop=\"genre\">\n                                                Ly\u017eiarske stredisk\u00e1 v Mil\u00e1ne                                            <\/a>\n                                        <\/div>\n                                    <\/div>\n                                    <div class=\"page-header\">\n                                        <h2 itemprop=\"headline\">\n                                            <a href=\"https:\/\/transfereurope.com\/sk\/lyziarske-transfery\/milan-malpensa\/zermatt\/\" itemprop=\"url\">\n                                                Ly\u017eiarsky transfer z Malpensy Zermatt Transfer                                            <\/a>\n                                        <\/h2>\n                                    <\/div>\n                                    <div class=\"text-danger tour-price\">\n                                        <a href=\"https:\/\/transfereurope.com\/sk\/lyziarske-transfery\/milan-malpensa\/zermatt\/#rezervovat-transfer\">Booking<\/a>\n                                    <\/div>\n                                <\/div>\n                            <\/div>\n                        <\/div>\n                                            <div class=\"col-12 col-lg-6\">\n                            <div class=\"item\" data-vm=\"product-container\">\n                                <figure class=\"pull-right item-image\">\n                                    <a title=\"Transfer Malpensa do Madonna di Campiglio\" href=\"https:\/\/transfereurope.com\/sk\/lyziarske-transfery\/milan-malpensa\/madonna-di-campiglio\/\">\n                                        <img decoding=\"async\" class=\"browseProductImage\" loading=\"lazy\" src=\"https:\/\/transfereurope.com\/wp-content\/uploads\/2025\/08\/What-are-the-Benefits-of-a-Chauffeur-Service-in-Milan-40-1-300x200.jpg\" alt=\"Transfer Malpensa do Madonna di Campiglio\">\n                                    <\/a>\n                                    <figcaption class=\"caption\">Transfer Malpensa do Madonna di Campiglio<\/figcaption>\n                                <\/figure>\n\n                                <div class=\"item-content\">\n                                    <div class=\"category-article-dot\">\n                                        <div class=\"category-name\">\n                                            <a href=\"https:\/\/transfereurope.com\/sk\/lyziarske-transfery\/milan-malpensa\/\" itemprop=\"genre\">\n                                                Ly\u017eiarske stredisk\u00e1 v Mil\u00e1ne                                            <\/a>\n                                        <\/div>\n                                    <\/div>\n                                    <div class=\"page-header\">\n                                        <h2 itemprop=\"headline\">\n                                            <a href=\"https:\/\/transfereurope.com\/sk\/lyziarske-transfery\/milan-malpensa\/madonna-di-campiglio\/\" itemprop=\"url\">\n                                                Transfer Malpensa do Madonna di Campiglio                                            <\/a>\n                                        <\/h2>\n                                    <\/div>\n                                    <div class=\"text-danger tour-price\">\n                                        <a href=\"https:\/\/transfereurope.com\/sk\/lyziarske-transfery\/milan-malpensa\/madonna-di-campiglio\/#rezervovat-transfer\">Booking<\/a>\n                                    <\/div>\n                                <\/div>\n                            <\/div>\n                        <\/div>\n                                        <div class=\"clear\"><\/div>\n                <\/div>\n                \n                <div class=\"vm-pagination vm-pagination-bottom\">\n        <ul>\n            <!-- Start -->\n            <li class=\"pagination-start\">\n                                    <span class=\"pagenav\"><\/span>\n                            <\/li>\n\n            <!-- Prev -->\n            <li class=\"pagination-prev\">\n                                    <span class=\"pagenav\"><\/span>\n                            <\/li>\n\n                            <li>\n                                            <span class=\"pagenav\">1<\/span>\n                                    <\/li>\n                            <li>\n                                            <a class=\"pagenav\" title=\"2\" href=\"\/sk\/wp-json\/wp\/v2\/pages\/114573?start=4\">\n                            2                        <\/a>\n                                    <\/li>\n            \n            <!-- Next -->\n            <li class=\"pagination-next\">\n                                    <a class=\"pagenav\" href=\"\/sk\/wp-json\/wp\/v2\/pages\/114573?start=4\"><\/a>\n                            <\/li>\n\n            <!-- End -->\n            <li class=\"pagination-end\">\n                                    <a class=\"pagenav\" href=\"\/sk\/wp-json\/wp\/v2\/pages\/114573?start=4\"><\/a>\n                            <\/li>\n        <\/ul>\n        <!-- <p><span class=\"vm-page-counter\">Strana 1 z 2<\/span><\/p> -->\n    <\/div>\n\n        <\/div>\n    <\/div>\n    ","protected":false},"excerpt":{"rendered":"<p>Ly\u017eiarske stredisk\u00e1 v Mil\u00e1ne Ly\u017eiarsky transfer Malpensa Gressoney Ly\u017eiarske stredisk\u00e1 v Mil\u00e1ne Ly\u017eiarsky transfer Malpensa Gressoney Booking Milan Malpensa do Courmayeur Transfer Ly\u017eiarske stredisk\u00e1 v Mil\u00e1ne Milan Malpensa do Courmayeur Transfer Booking Ly\u017eiarsky transfer z Malpensy Zermatt Transfer Ly\u017eiarske stredisk\u00e1 v Mil\u00e1ne Ly\u017eiarsky transfer z Malpensy Zermatt Transfer Booking Transfer Malpensa do Madonna di Campiglio [&hellip;]<\/p>\n","protected":false},"author":1,"featured_media":74463,"parent":18156,"menu_order":0,"comment_status":"closed","ping_status":"closed","template":"","meta":{"footnotes":""},"class_list":["post-114573","page","type-page","status-publish","has-post-thumbnail","hentry"],"yoast_head":"<!-- This site is optimized with the Yoast SEO plugin v25.6 - https:\/\/yoast.com\/wordpress\/plugins\/seo\/ -->\n<title>Ly\u017eiarske stredisk\u00e1 v Mil\u00e1ne - transfereurope<\/title>\n<meta name=\"robots\" content=\"index, follow, max-snippet:-1, max-image-preview:large, max-video-preview:-1\" \/>\n<link rel=\"canonical\" href=\"https:\/\/transfereurope.com\/sk\/lyziarske-transfery\/milan-malpensa\/\" \/>\n<meta property=\"og:locale\" content=\"sk_SK\" \/>\n<meta property=\"og:type\" content=\"article\" \/>\n<meta property=\"og:title\" content=\"Ly\u017eiarske stredisk\u00e1 v Mil\u00e1ne - transfereurope\" \/>\n<meta property=\"og:description\" content=\"Ly\u017eiarske stredisk\u00e1 v Mil\u00e1ne Ly\u017eiarsky transfer Malpensa Gressoney Ly\u017eiarske stredisk\u00e1 v Mil\u00e1ne Ly\u017eiarsky transfer Malpensa Gressoney Booking Milan Malpensa do Courmayeur Transfer Ly\u017eiarske stredisk\u00e1 v Mil\u00e1ne Milan Malpensa do Courmayeur Transfer Booking Ly\u017eiarsky transfer z Malpensy Zermatt Transfer Ly\u017eiarske stredisk\u00e1 v Mil\u00e1ne Ly\u017eiarsky transfer z Malpensy Zermatt Transfer Booking Transfer Malpensa do Madonna di Campiglio [&hellip;]\" \/>\n<meta property=\"og:url\" content=\"https:\/\/transfereurope.com\/sk\/lyziarske-transfery\/milan-malpensa\/\" \/>\n<meta property=\"og:site_name\" content=\"transfereurope\" \/>\n<meta property=\"article:modified_time\" content=\"2025-10-15T20:48:03+00:00\" \/>\n<meta property=\"og:image\" content=\"https:\/\/transfereurope.com\/wp-content\/uploads\/2025\/08\/What-are-the-Benefits-of-a-Chauffeur-Service-in-Milan-24-1.jpg\" \/>\n\t<meta property=\"og:image:width\" content=\"1188\" \/>\n\t<meta property=\"og:image:height\" content=\"792\" \/>\n\t<meta property=\"og:image:type\" content=\"image\/jpeg\" \/>\n<meta name=\"twitter:card\" content=\"summary_large_image\" \/>\n<meta name=\"twitter:label1\" content=\"Predpokladan\u00fd \u010das \u010d\u00edtania\" \/>\n\t<meta name=\"twitter:data1\" content=\"1 min\u00fata\" \/>\n<script type=\"application\/ld+json\" class=\"yoast-schema-graph\">{\"@context\":\"https:\/\/schema.org\",\"@graph\":[{\"@type\":\"WebPage\",\"@id\":\"https:\/\/transfereurope.com\/sk\/lyziarske-transfery\/milan-malpensa\/\",\"url\":\"https:\/\/transfereurope.com\/sk\/lyziarske-transfery\/milan-malpensa\/\",\"name\":\"Ly\u017eiarske stredisk\u00e1 v Mil\u00e1ne - transfereurope\",\"isPartOf\":{\"@id\":\"https:\/\/transfereurope.com\/sk\/#website\"},\"primaryImageOfPage\":{\"@id\":\"https:\/\/transfereurope.com\/sk\/lyziarske-transfery\/milan-malpensa\/#primaryimage\"},\"image\":{\"@id\":\"https:\/\/transfereurope.com\/sk\/lyziarske-transfery\/milan-malpensa\/#primaryimage\"},\"thumbnailUrl\":\"https:\/\/transfereurope.com\/wp-content\/uploads\/2025\/08\/What-are-the-Benefits-of-a-Chauffeur-Service-in-Milan-24-1.jpg\",\"datePublished\":\"2025-10-15T20:37:01+00:00\",\"dateModified\":\"2025-10-15T20:48:03+00:00\",\"breadcrumb\":{\"@id\":\"https:\/\/transfereurope.com\/sk\/lyziarske-transfery\/milan-malpensa\/#breadcrumb\"},\"inLanguage\":\"sk-SK\",\"potentialAction\":[{\"@type\":\"ReadAction\",\"target\":[\"https:\/\/transfereurope.com\/sk\/lyziarske-transfery\/milan-malpensa\/\"]}]},{\"@type\":\"ImageObject\",\"inLanguage\":\"sk-SK\",\"@id\":\"https:\/\/transfereurope.com\/sk\/lyziarske-transfery\/milan-malpensa\/#primaryimage\",\"url\":\"https:\/\/transfereurope.com\/wp-content\/uploads\/2025\/08\/What-are-the-Benefits-of-a-Chauffeur-Service-in-Milan-24-1.jpg\",\"contentUrl\":\"https:\/\/transfereurope.com\/wp-content\/uploads\/2025\/08\/What-are-the-Benefits-of-a-Chauffeur-Service-in-Milan-24-1.jpg\",\"width\":1188,\"height\":792},{\"@type\":\"BreadcrumbList\",\"@id\":\"https:\/\/transfereurope.com\/sk\/lyziarske-transfery\/milan-malpensa\/#breadcrumb\",\"itemListElement\":[{\"@type\":\"ListItem\",\"position\":1,\"name\":\"Home\",\"item\":\"https:\/\/transfereurope.com\/sk\/\"},{\"@type\":\"ListItem\",\"position\":2,\"name\":\"Ly\u017eiarske stredisk\u00e1 v Mil\u00e1ne\"}]},{\"@type\":\"WebSite\",\"@id\":\"https:\/\/transfereurope.com\/sk\/#website\",\"url\":\"https:\/\/transfereurope.com\/sk\/\",\"name\":\"transfereurope\",\"description\":\"\",\"publisher\":{\"@id\":\"https:\/\/transfereurope.com\/sk\/#organization\"},\"potentialAction\":[{\"@type\":\"SearchAction\",\"target\":{\"@type\":\"EntryPoint\",\"urlTemplate\":\"https:\/\/transfereurope.com\/sk\/?s={search_term_string}\"},\"query-input\":{\"@type\":\"PropertyValueSpecification\",\"valueRequired\":true,\"valueName\":\"search_term_string\"}}],\"inLanguage\":\"sk-SK\"},{\"@type\":\"Organization\",\"@id\":\"https:\/\/transfereurope.com\/sk\/#organization\",\"name\":\"transfereurope\",\"url\":\"https:\/\/transfereurope.com\/sk\/\",\"logo\":{\"@type\":\"ImageObject\",\"inLanguage\":\"sk-SK\",\"@id\":\"https:\/\/transfereurope.com\/sk\/#\/schema\/logo\/image\/\",\"url\":\"https:\/\/transfereurope.com\/wp-content\/uploads\/2025\/08\/TRANSFERS-1655.png\",\"contentUrl\":\"https:\/\/transfereurope.com\/wp-content\/uploads\/2025\/08\/TRANSFERS-1655.png\",\"width\":500,\"height\":274,\"caption\":\"transfereurope\"},\"image\":{\"@id\":\"https:\/\/transfereurope.com\/sk\/#\/schema\/logo\/image\/\"}}]}<\/script>\n<!-- \/ Yoast SEO plugin. -->","yoast_head_json":{"title":"Ly\u017eiarske stredisk\u00e1 v Mil\u00e1ne - transfereurope","robots":{"index":"index","follow":"follow","max-snippet":"max-snippet:-1","max-image-preview":"max-image-preview:large","max-video-preview":"max-video-preview:-1"},"canonical":"https:\/\/transfereurope.com\/sk\/lyziarske-transfery\/milan-malpensa\/","og_locale":"sk_SK","og_type":"article","og_title":"Ly\u017eiarske stredisk\u00e1 v Mil\u00e1ne - transfereurope","og_description":"Ly\u017eiarske stredisk\u00e1 v Mil\u00e1ne Ly\u017eiarsky transfer Malpensa Gressoney Ly\u017eiarske stredisk\u00e1 v Mil\u00e1ne Ly\u017eiarsky transfer Malpensa Gressoney Booking Milan Malpensa do Courmayeur Transfer Ly\u017eiarske stredisk\u00e1 v Mil\u00e1ne Milan Malpensa do Courmayeur Transfer Booking Ly\u017eiarsky transfer z Malpensy Zermatt Transfer Ly\u017eiarske stredisk\u00e1 v Mil\u00e1ne Ly\u017eiarsky transfer z Malpensy Zermatt Transfer Booking Transfer Malpensa do Madonna di Campiglio [&hellip;]","og_url":"https:\/\/transfereurope.com\/sk\/lyziarske-transfery\/milan-malpensa\/","og_site_name":"transfereurope","article_modified_time":"2025-10-15T20:48:03+00:00","og_image":[{"width":1188,"height":792,"url":"https:\/\/transfereurope.com\/wp-content\/uploads\/2025\/08\/What-are-the-Benefits-of-a-Chauffeur-Service-in-Milan-24-1.jpg","type":"image\/jpeg"}],"twitter_card":"summary_large_image","twitter_misc":{"Predpokladan\u00fd \u010das \u010d\u00edtania":"1 min\u00fata"},"schema":{"@context":"https:\/\/schema.org","@graph":[{"@type":"WebPage","@id":"https:\/\/transfereurope.com\/sk\/lyziarske-transfery\/milan-malpensa\/","url":"https:\/\/transfereurope.com\/sk\/lyziarske-transfery\/milan-malpensa\/","name":"Ly\u017eiarske stredisk\u00e1 v Mil\u00e1ne - transfereurope","isPartOf":{"@id":"https:\/\/transfereurope.com\/sk\/#website"},"primaryImageOfPage":{"@id":"https:\/\/transfereurope.com\/sk\/lyziarske-transfery\/milan-malpensa\/#primaryimage"},"image":{"@id":"https:\/\/transfereurope.com\/sk\/lyziarske-transfery\/milan-malpensa\/#primaryimage"},"thumbnailUrl":"https:\/\/transfereurope.com\/wp-content\/uploads\/2025\/08\/What-are-the-Benefits-of-a-Chauffeur-Service-in-Milan-24-1.jpg","datePublished":"2025-10-15T20:37:01+00:00","dateModified":"2025-10-15T20:48:03+00:00","breadcrumb":{"@id":"https:\/\/transfereurope.com\/sk\/lyziarske-transfery\/milan-malpensa\/#breadcrumb"},"inLanguage":"sk-SK","potentialAction":[{"@type":"ReadAction","target":["https:\/\/transfereurope.com\/sk\/lyziarske-transfery\/milan-malpensa\/"]}]},{"@type":"ImageObject","inLanguage":"sk-SK","@id":"https:\/\/transfereurope.com\/sk\/lyziarske-transfery\/milan-malpensa\/#primaryimage","url":"https:\/\/transfereurope.com\/wp-content\/uploads\/2025\/08\/What-are-the-Benefits-of-a-Chauffeur-Service-in-Milan-24-1.jpg","contentUrl":"https:\/\/transfereurope.com\/wp-content\/uploads\/2025\/08\/What-are-the-Benefits-of-a-Chauffeur-Service-in-Milan-24-1.jpg","width":1188,"height":792},{"@type":"BreadcrumbList","@id":"https:\/\/transfereurope.com\/sk\/lyziarske-transfery\/milan-malpensa\/#breadcrumb","itemListElement":[{"@type":"ListItem","position":1,"name":"Home","item":"https:\/\/transfereurope.com\/sk\/"},{"@type":"ListItem","position":2,"name":"Ly\u017eiarske stredisk\u00e1 v Mil\u00e1ne"}]},{"@type":"WebSite","@id":"https:\/\/transfereurope.com\/sk\/#website","url":"https:\/\/transfereurope.com\/sk\/","name":"transfereurope","description":"","publisher":{"@id":"https:\/\/transfereurope.com\/sk\/#organization"},"potentialAction":[{"@type":"SearchAction","target":{"@type":"EntryPoint","urlTemplate":"https:\/\/transfereurope.com\/sk\/?s={search_term_string}"},"query-input":{"@type":"PropertyValueSpecification","valueRequired":true,"valueName":"search_term_string"}}],"inLanguage":"sk-SK"},{"@type":"Organization","@id":"https:\/\/transfereurope.com\/sk\/#organization","name":"transfereurope","url":"https:\/\/transfereurope.com\/sk\/","logo":{"@type":"ImageObject","inLanguage":"sk-SK","@id":"https:\/\/transfereurope.com\/sk\/#\/schema\/logo\/image\/","url":"https:\/\/transfereurope.com\/wp-content\/uploads\/2025\/08\/TRANSFERS-1655.png","contentUrl":"https:\/\/transfereurope.com\/wp-content\/uploads\/2025\/08\/TRANSFERS-1655.png","width":500,"height":274,"caption":"transfereurope"},"image":{"@id":"https:\/\/transfereurope.com\/sk\/#\/schema\/logo\/image\/"}}]}},"_links":{"self":[{"href":"https:\/\/transfereurope.com\/sk\/wp-json\/wp\/v2\/pages\/114573","targetHints":{"allow":["GET"]}}],"collection":[{"href":"https:\/\/transfereurope.com\/sk\/wp-json\/wp\/v2\/pages"}],"about":[{"href":"https:\/\/transfereurope.com\/sk\/wp-json\/wp\/v2\/types\/page"}],"author":[{"embeddable":true,"href":"https:\/\/transfereurope.com\/sk\/wp-json\/wp\/v2\/users\/1"}],"replies":[{"embeddable":true,"href":"https:\/\/transfereurope.com\/sk\/wp-json\/wp\/v2\/comments?post=114573"}],"version-history":[{"count":3,"href":"https:\/\/transfereurope.com\/sk\/wp-json\/wp\/v2\/pages\/114573\/revisions"}],"predecessor-version":[{"id":114576,"href":"https:\/\/transfereurope.com\/sk\/wp-json\/wp\/v2\/pages\/114573\/revisions\/114576"}],"up":[{"embeddable":true,"href":"https:\/\/transfereurope.com\/sk\/wp-json\/wp\/v2\/pages\/18156"}],"wp:featuredmedia":[{"embeddable":true,"href":"https:\/\/transfereurope.com\/sk\/wp-json\/wp\/v2\/media\/74463"}],"wp:attachment":[{"href":"https:\/\/transfereurope.com\/sk\/wp-json\/wp\/v2\/media?parent=114573"}],"curies":[{"name":"wp","href":"https:\/\/api.w.org\/{rel}","templated":true}]}}