{"id":114364,"date":"2025-09-04T03:44:09","date_gmt":"2025-09-04T03:44:09","guid":{"rendered":"https:\/\/transfereurope.com\/partner\/"},"modified":"2025-10-15T20:24:08","modified_gmt":"2025-10-15T20:24:08","slug":"pre-partnerov","status":"publish","type":"page","link":"https:\/\/transfereurope.com\/sk\/pre-partnerov\/","title":{"rendered":"Partner"},"content":{"rendered":"<div class=\"t4-content-inner\">\n<div id=\"t4-masthead\" class=\"t4-section  t4-masthead\">\n<div class=\"t4-col text-center\">\n<div class=\"ja-masthead\" style=\"background-image: url('\/images\/joomlart\/tour-info\/stante-voditelem-partnerom.jpg')\">\n<div class=\"ja-masthead-detail\">\n<h1 class=\"ja-masthead-title\">Become a partner driver <br \/>Transfer Europe<br \/><\/h1>\n<p>                <!----><\/p>\n<div class=\"block-breadcrumb\"><\/div>\n<\/p><\/div>\n<\/div>\n<pre><\/pre>\n<\/div>\n<\/div>\n<div id=\"t4-main-body\" class=\"t4-section  t4-main-body\" role=\"main body\">\n<div class=\"t4-section-inner container\">\n<div class=\"t4-row row\">\n<div class=\"t4-col col-12 col-xl\">\n<div id=\"system-message-container\">\n\t<\/div>\n<form method=\"post\" id=\"userForm\" action=\"\/web\/20250430170547\/\/partner\">\n<!-- Do not remove this ID, it is used to identify the page so that the pagination script can work correctly --><\/p>\n<div class=\"formContainer\" id=\"rsform_5_page_0\">\n<div class=\"form-row\">\n<div class=\"col-md-6\">\n<div class=\"form-group rsform-block rsform-block-name rsform-type-textbox\">\n<p>\t\t\t\t<label class=\"control-label formControlLabel\" data-toggle=\"tooltip\" title=\"\" for=\"Name\">Name<strong class=\"formRequired\">*<\/strong><\/label><\/p>\n<div class=\"formControls\">\n\t\t\t\t\t<input type=\"text\" value=\"\" placeholder=\"Name\" name=\"form[Name]\" id=\"Name\" class=\"rsform-input-box form-control\" aria-required=\"true\"><\/p>\n<div><span class=\"formValidation\"><span id=\"component50\" class=\"formNoError\">Invalid Input<\/span><\/span><\/div>\n<\/p><\/div>\n<\/p><\/div>\n<\/p><\/div>\n<div class=\"col-md-6\">\n\t\t<\/div>\n<\/p><\/div>\n<div class=\"form-row\">\n<div class=\"col-md-6\">\n<div class=\"form-group rsform-block rsform-block-email rsform-type-textbox\">\n<p>\t\t\t\t<label class=\"control-label formControlLabel\" data-toggle=\"tooltip\" title=\"\" for=\"Email\">Your Email Address<strong class=\"formRequired\">*<\/strong><\/label><\/p>\n<div class=\"formControls\">\n\t\t\t\t\t<input type=\"email\" value=\"\" placeholder=\"Email\" name=\"form[Email]\" id=\"Email\" class=\"rsform-input-box form-control\" aria-required=\"true\"><\/p>\n<div><span class=\"formValidation\"><span id=\"component52\" class=\"formNoError\">Invalid Input<\/span><\/span><\/div>\n<\/p><\/div>\n<\/p><\/div>\n<\/p><\/div>\n<div class=\"col-md-6\">\n<div class=\"form-group rsform-block rsform-block-phone rsform-type-textbox\">\n<p>\t\t\t\t<label class=\"control-label formControlLabel\" data-toggle=\"tooltip\" title=\"\" for=\"Phone\">Your Phone Number<strong class=\"formRequired\">*<\/strong><\/label><\/p>\n<div class=\"formControls\">\n\t\t\t\t\t<input type=\"tel\" value=\"\" placeholder=\"Phone\" name=\"form[Phone]\" id=\"Phone\" class=\"rsform-input-box form-control\" aria-required=\"true\"><\/p>\n<div><span class=\"formValidation\"><span id=\"component53\" class=\"formNoError\">Invalid Input<\/span><\/span><\/div>\n<\/p><\/div>\n<\/p><\/div>\n<\/p><\/div>\n<\/p><\/div>\n<div class=\"form-row\">\n<div class=\"col-md-12\">\n<div class=\"form-group rsform-block rsform-block-cities rsform-type-textarea\">\n<div class=\"formControls\">\n\t\t\t\t\t<textarea cols=\"50\" placeholder=\"The city where you want to drive\" name=\"form[Cities]\" id=\"Cities\" class=\"rsform-text-box form-control\"><\/textarea><\/p>\n<div><span class=\"formValidation\"><span id=\"component54\" class=\"formNoError\">Invalid Input<\/span><\/span><\/div>\n<\/p><\/div>\n<\/p><\/div>\n<\/p><\/div>\n<\/p><\/div>\n<div class=\"form-row\">\n<div class=\"col-md-12\">\n<div class=\"form-group rsform-block rsform-block-info rsform-type-textarea\">\n<div class=\"formControls\">\n\t\t\t\t\t<textarea cols=\"50\" rows=\"5\" placeholder=\"Write the model, year of manufacture and capacity of the car\" name=\"form[Info]\" id=\"Info\" class=\"rsform-text-box form-control\"><\/textarea><\/p>\n<div><span class=\"formValidation\"><span id=\"component55\" class=\"formNoError\">Invalid Input<\/span><\/span><\/div>\n<\/p><\/div>\n<\/p><\/div>\n<\/p><\/div>\n<\/p><\/div>\n<div class=\"form-row\">\n<div class=\"col-md-12\">\n<div class=\"form-group rsform-block rsform-block-partner-driver-1 rsform-type-submitbutton\">\n<div class=\"formControls\">\n\t\t\t\t\t<button type=\"submit\" name=\"form[Partner-driver-1]\" id=\"Partner-driver-1\" class=\"rsform-submit-button  btn btn-primary\">Become a partner driver<\/button><\/p>\n<div><span class=\"formValidation\"><\/span><\/div>\n<\/p><\/div>\n<\/p><\/div>\n<\/p><\/div>\n<\/p><\/div>\n<\/div>\n<p><input type=\"hidden\" name=\"form[formId]\" value=\"5\"><input type=\"hidden\" name=\"cf170d784742267424d542c30a897880\" value=\"1\"><\/form>\n<\/div>\n<div class=\"t4-col sidebar-r col-12 col-xl-4\">\n<div class=\"t4-module module \" id=\"Mod543\">\n<div class=\"module-inner\">\n<div class=\"module-ct\">\n<div class=\"bannergroup\">\n<div class=\"banneritem\">\n\t\t\t\t\t\t\t\t\t\t\t\t\t\t\t\t\t\t\t\t\t\t\t\t\t\t\t\t\t\t\t\t\t\t\t\t\t\t\t\t\t\t\t\t\t\t\t\t\t\t<img decoding=\"async\" src=\"\/images\/banners\/voditeli-transfer-europe\/driver-banner-eng-1.png\" alt=\"Banner-driver-eng\"><\/p>\n<div class=\"clr\"><\/div>\n<\/p><\/div>\n<\/div>\n<\/div>\n<\/div>\n<\/div>\n<\/div>\n<\/div>\n<\/div>\n<\/div>\n<div id=\"t4-section-8\" class=\"t4-section  t4-section-8  section-border-top\" role=\"section-8\">\n<div class=\"bg-overlay bg-overlay-image\">&nbsp;<\/div>\n<\/div><\/div>\n","protected":false},"excerpt":{"rendered":"<p>Become a partner driver Transfer Europe Name* Invalid Input Your Email Address* Invalid Input Your Phone Number* Invalid Input Invalid Input Invalid Input Become a partner driver &nbsp;<\/p>\n","protected":false},"author":1,"featured_media":0,"parent":0,"menu_order":0,"comment_status":"closed","ping_status":"closed","template":"","meta":{"footnotes":""},"class_list":["post-114364","page","type-page","status-publish","hentry"],"yoast_head":"<!-- This site is optimized with the Yoast SEO plugin v25.6 - https:\/\/yoast.com\/wordpress\/plugins\/seo\/ -->\n<title>Partner - transfereurope<\/title>\n<meta name=\"robots\" content=\"index, follow, max-snippet:-1, max-image-preview:large, max-video-preview:-1\" \/>\n<link rel=\"canonical\" href=\"https:\/\/transfereurope.com\/sk\/pre-partnerov\/\" \/>\n<meta property=\"og:locale\" content=\"sk_SK\" \/>\n<meta property=\"og:type\" content=\"article\" \/>\n<meta property=\"og:title\" content=\"Partner - transfereurope\" \/>\n<meta property=\"og:description\" content=\"Become a partner driver Transfer Europe Name* Invalid Input Your Email Address* Invalid Input Your Phone Number* Invalid Input Invalid Input Invalid Input Become a partner driver &nbsp;\" \/>\n<meta property=\"og:url\" content=\"https:\/\/transfereurope.com\/sk\/pre-partnerov\/\" \/>\n<meta property=\"og:site_name\" content=\"transfereurope\" \/>\n<meta property=\"article:modified_time\" content=\"2025-10-15T20:24:08+00:00\" \/>\n<meta name=\"twitter:card\" content=\"summary_large_image\" \/>\n<meta name=\"twitter:label1\" content=\"Predpokladan\u00fd \u010das \u010d\u00edtania\" \/>\n\t<meta name=\"twitter:data1\" content=\"1 min\u00fata\" \/>\n<script type=\"application\/ld+json\" class=\"yoast-schema-graph\">{\"@context\":\"https:\/\/schema.org\",\"@graph\":[{\"@type\":\"WebPage\",\"@id\":\"https:\/\/transfereurope.com\/sk\/pre-partnerov\/\",\"url\":\"https:\/\/transfereurope.com\/sk\/pre-partnerov\/\",\"name\":\"Partner - transfereurope\",\"isPartOf\":{\"@id\":\"https:\/\/transfereurope.com\/sk\/#website\"},\"datePublished\":\"2025-09-04T03:44:09+00:00\",\"dateModified\":\"2025-10-15T20:24:08+00:00\",\"breadcrumb\":{\"@id\":\"https:\/\/transfereurope.com\/sk\/pre-partnerov\/#breadcrumb\"},\"inLanguage\":\"sk-SK\",\"potentialAction\":[{\"@type\":\"ReadAction\",\"target\":[\"https:\/\/transfereurope.com\/sk\/pre-partnerov\/\"]}]},{\"@type\":\"BreadcrumbList\",\"@id\":\"https:\/\/transfereurope.com\/sk\/pre-partnerov\/#breadcrumb\",\"itemListElement\":[{\"@type\":\"ListItem\",\"position\":1,\"name\":\"Home\",\"item\":\"https:\/\/transfereurope.com\/sk\/\"},{\"@type\":\"ListItem\",\"position\":2,\"name\":\"Partner\"}]},{\"@type\":\"WebSite\",\"@id\":\"https:\/\/transfereurope.com\/sk\/#website\",\"url\":\"https:\/\/transfereurope.com\/sk\/\",\"name\":\"transfereurope\",\"description\":\"\",\"publisher\":{\"@id\":\"https:\/\/transfereurope.com\/sk\/#organization\"},\"potentialAction\":[{\"@type\":\"SearchAction\",\"target\":{\"@type\":\"EntryPoint\",\"urlTemplate\":\"https:\/\/transfereurope.com\/sk\/?s={search_term_string}\"},\"query-input\":{\"@type\":\"PropertyValueSpecification\",\"valueRequired\":true,\"valueName\":\"search_term_string\"}}],\"inLanguage\":\"sk-SK\"},{\"@type\":\"Organization\",\"@id\":\"https:\/\/transfereurope.com\/sk\/#organization\",\"name\":\"transfereurope\",\"url\":\"https:\/\/transfereurope.com\/sk\/\",\"logo\":{\"@type\":\"ImageObject\",\"inLanguage\":\"sk-SK\",\"@id\":\"https:\/\/transfereurope.com\/sk\/#\/schema\/logo\/image\/\",\"url\":\"https:\/\/transfereurope.com\/wp-content\/uploads\/2025\/08\/TRANSFERS-1655.png\",\"contentUrl\":\"https:\/\/transfereurope.com\/wp-content\/uploads\/2025\/08\/TRANSFERS-1655.png\",\"width\":500,\"height\":274,\"caption\":\"transfereurope\"},\"image\":{\"@id\":\"https:\/\/transfereurope.com\/sk\/#\/schema\/logo\/image\/\"}}]}<\/script>\n<!-- \/ Yoast SEO plugin. -->","yoast_head_json":{"title":"Partner - transfereurope","robots":{"index":"index","follow":"follow","max-snippet":"max-snippet:-1","max-image-preview":"max-image-preview:large","max-video-preview":"max-video-preview:-1"},"canonical":"https:\/\/transfereurope.com\/sk\/pre-partnerov\/","og_locale":"sk_SK","og_type":"article","og_title":"Partner - transfereurope","og_description":"Become a partner driver Transfer Europe Name* Invalid Input Your Email Address* Invalid Input Your Phone Number* Invalid Input Invalid Input Invalid Input Become a partner driver &nbsp;","og_url":"https:\/\/transfereurope.com\/sk\/pre-partnerov\/","og_site_name":"transfereurope","article_modified_time":"2025-10-15T20:24:08+00:00","twitter_card":"summary_large_image","twitter_misc":{"Predpokladan\u00fd \u010das \u010d\u00edtania":"1 min\u00fata"},"schema":{"@context":"https:\/\/schema.org","@graph":[{"@type":"WebPage","@id":"https:\/\/transfereurope.com\/sk\/pre-partnerov\/","url":"https:\/\/transfereurope.com\/sk\/pre-partnerov\/","name":"Partner - transfereurope","isPartOf":{"@id":"https:\/\/transfereurope.com\/sk\/#website"},"datePublished":"2025-09-04T03:44:09+00:00","dateModified":"2025-10-15T20:24:08+00:00","breadcrumb":{"@id":"https:\/\/transfereurope.com\/sk\/pre-partnerov\/#breadcrumb"},"inLanguage":"sk-SK","potentialAction":[{"@type":"ReadAction","target":["https:\/\/transfereurope.com\/sk\/pre-partnerov\/"]}]},{"@type":"BreadcrumbList","@id":"https:\/\/transfereurope.com\/sk\/pre-partnerov\/#breadcrumb","itemListElement":[{"@type":"ListItem","position":1,"name":"Home","item":"https:\/\/transfereurope.com\/sk\/"},{"@type":"ListItem","position":2,"name":"Partner"}]},{"@type":"WebSite","@id":"https:\/\/transfereurope.com\/sk\/#website","url":"https:\/\/transfereurope.com\/sk\/","name":"transfereurope","description":"","publisher":{"@id":"https:\/\/transfereurope.com\/sk\/#organization"},"potentialAction":[{"@type":"SearchAction","target":{"@type":"EntryPoint","urlTemplate":"https:\/\/transfereurope.com\/sk\/?s={search_term_string}"},"query-input":{"@type":"PropertyValueSpecification","valueRequired":true,"valueName":"search_term_string"}}],"inLanguage":"sk-SK"},{"@type":"Organization","@id":"https:\/\/transfereurope.com\/sk\/#organization","name":"transfereurope","url":"https:\/\/transfereurope.com\/sk\/","logo":{"@type":"ImageObject","inLanguage":"sk-SK","@id":"https:\/\/transfereurope.com\/sk\/#\/schema\/logo\/image\/","url":"https:\/\/transfereurope.com\/wp-content\/uploads\/2025\/08\/TRANSFERS-1655.png","contentUrl":"https:\/\/transfereurope.com\/wp-content\/uploads\/2025\/08\/TRANSFERS-1655.png","width":500,"height":274,"caption":"transfereurope"},"image":{"@id":"https:\/\/transfereurope.com\/sk\/#\/schema\/logo\/image\/"}}]}},"_links":{"self":[{"href":"https:\/\/transfereurope.com\/sk\/wp-json\/wp\/v2\/pages\/114364","targetHints":{"allow":["GET"]}}],"collection":[{"href":"https:\/\/transfereurope.com\/sk\/wp-json\/wp\/v2\/pages"}],"about":[{"href":"https:\/\/transfereurope.com\/sk\/wp-json\/wp\/v2\/types\/page"}],"author":[{"embeddable":true,"href":"https:\/\/transfereurope.com\/sk\/wp-json\/wp\/v2\/users\/1"}],"replies":[{"embeddable":true,"href":"https:\/\/transfereurope.com\/sk\/wp-json\/wp\/v2\/comments?post=114364"}],"version-history":[{"count":1,"href":"https:\/\/transfereurope.com\/sk\/wp-json\/wp\/v2\/pages\/114364\/revisions"}],"predecessor-version":[{"id":114367,"href":"https:\/\/transfereurope.com\/sk\/wp-json\/wp\/v2\/pages\/114364\/revisions\/114367"}],"wp:attachment":[{"href":"https:\/\/transfereurope.com\/sk\/wp-json\/wp\/v2\/media?parent=114364"}],"curies":[{"name":"wp","href":"https:\/\/api.w.org\/{rel}","templated":true}]}}